{"id":219,"date":"2020-07-14T08:16:36","date_gmt":"2020-07-14T08:16:36","guid":{"rendered":"https:\/\/riviera-king-real-estate.com\/?page_id=219"},"modified":"2022-02-16T17:06:25","modified_gmt":"2022-02-16T16:06:25","slug":"john-hall","status":"publish","type":"page","link":"https:\/\/riviera-king-real-estate.com\/fr\/john-hall\/","title":{"rendered":"John Hall"},"content":{"rendered":"<div class=\"vc_row wpb_row vc_row-fluid\"><div class=\"wpb_column vc_column_container vc_col-sm-12\"><div class=\"vc_column-inner\"><div class=\"wpb_wrapper\"><div class=\"gel-space gel-46c2c5ee3a4c79cac68f405b8c75abc9\"><\/div><div class=\"gel-heading gel-heading-style-02 text-center has-line-separator\">\n\t\t\t<div class=\"gel-heading-subtitle\">Vernissage le 8 juillet 2021 \u00e0 18h<\/div>\n\t\t<h1 class=\"gel-heading-title\">\n\t\tQUAND L\u2019ART RENCONTRE L\u2019IMMOBILIER\t<\/h1>\n\t\t\t<div class=\"gel-heading-separate\">\n\t\t<\/div>\n\t\t\t<p class=\"gel-heading-description\">Riviera King est aussi une gallerie d'art . Entr\u00e9e libre<\/p>\n\t<\/div><div class=\"gel-space gel-46c2c5ee3a4c79cac68f405b8c75abc9\"><\/div><div class=\"gel-heading gel-heading-style-02 text-center\">\n\t\t\t<div class=\"gel-heading-subtitle\">Artiste: JOHN HALL<\/div>\n\t\t<h2 class=\"gel-heading-title\">\n\t\tLE PHOTOGRAPHE\t<\/h2>\n\t\t\t<p class=\"gel-heading-description\">Issu de la rencontre, \u00e0 Madrid encore r\u00e9publicaine, d'un p\u00e8re Gallois<br \/>\net d'une m\u00e8re Catalane, John Hall \u00e9tudiera en France l'art<br \/>\nv\u00e9t\u00e9rinaire et les sciences politiques. D'un naturel curieux, il<br \/>\nparcourra les points chauds de l'actualit\u00e9 des ann\u00e9es '60 et '70, il<br \/>\nr\u00e9sidera \u00e0 Cuba, en Am\u00e9rique Latine, les pays arabes et la zone<br \/>\nsah\u00e9lienne avant de se fixer aux Etats Unis et de prendre sa retraite<br \/>\ndans le midi de la France.<br \/>\nCharg\u00e9 de promouvoir le d\u00e9veloppement rural dans les pays du tiers<br \/>\nmonde par diff\u00e9rentes organisations internationales, il d\u00e9couvrira le<br \/>\npouvoir \u00e9tonnant de la photographie comme outil de mobilisation et de<br \/>\nm\u00e9diation des communaut\u00e9s rurales, et sa cam\u00e9ra l'accompagnera \u00e0<br \/>\ntous les stades de sa vie professionnelle.<br \/>\nDans les ann\u00e9es '60 et '70, le vent de r\u00e9volte qui soufflait de toutes<br \/>\nparts incitait plut\u00f4t \u00e0 d\u00e9noncer la mis\u00e8re et \u00e0 glorifier les<br \/>\ntentatives de s'en lib\u00e9rer. Voil\u00e0 pourquoi les photos de cette<br \/>\np\u00e9riode sont centr\u00e9es sur l'homme et sur la femme. A partir des<br \/>\nann\u00e9es quatre-vingt, cependant, un certain d\u00e9senchantement politique<br \/>\nassoci\u00e9 \u00e0 la mont\u00e9e de la conscience \u00e9cologique expliquent sans<br \/>\ndoute l'attention port\u00e9e \u00e0 la nature : roches, v\u00e9g\u00e9tation,<br \/>\nabstractions lumineuses, qui l'ont naturellement conduit vers les images<br \/>\nqu'il affectionne aujourd'hui.<\/p>\n\t<\/div><div class=\"gel-space gel-46c2c5ee3a4c79cac68f405b8c75abc9\"><\/div><div class=\"gel-btn gel-btn-center\">\n\t<a href=\"http:\/\/www.john-hall.fr\/\" title=\"Le site\" target=\"_blank\" class=\"btn btn-md btn-square btn-accent gel-0c2b26f0f25deaa6e7b62f0f08de0646\">\tD\u00e9courvrir John Hall\t<\/a><\/div>\n<\/div><\/div><\/div><\/div><div data-g5element-full-width=\"true\" data-g5element-stretch-content=\"true\" class=\"vc_row wpb_row vc_row-fluid vc_custom_1645027456137 vc_row-o-content-middle vc_row-flex\"><div class=\"wpb_column vc_column_container vc_col-sm-12\"><div class=\"vc_column-inner\"><div class=\"wpb_wrapper\"><div class=\"g5element__gallery g5element__gallery-masonry-2\" data-isotope-wrapper=\"true\">\n\t\t\t<div data-items-container data-isotope-options='{\"itemSelector\":\".g5element__gallery-item\",\"layoutMode\":\"masonry\"}' class=\"g5element__gallery-inner row g5core__gutter-30 isotope\">\n\t\t\t<div class=\"g5core__gutter-item g5element__gallery-item col-xl-4 col-lg-4 col-md-4 col-sm-6 col-12\">\n    <div class=\"g5element__gallery-item-inner \" data-ratio=\"1x1\">\n            <div class=\"g5core__post-featured\">\n                <div style=\"background-image: url(https:\/\/riviera-king-real-estate.com\/wp-content\/uploads\/2021\/06\/IMG_4039-350x350.jpg);\" class=\"g5core__entry-thumbnail g5core__embed-responsive g5core__image-size-350x350\"><\/div>\n                            <a data-g5core-mfp data-gallery-id=\"69f30348e4a20\" href=\"https:\/\/riviera-king-real-estate.com\/wp-content\/uploads\/2021\/06\/IMG_4039.jpg\"  class=\"g5core__zoom-image\"><i class=\"fas fa-expand\"><\/i><\/a>\n            <\/div>\n        <\/div>\n<\/div>\n<div class=\"g5core__gutter-item g5element__gallery-item col-xl-4 col-lg-4 col-md-4 col-sm-6 col-12\">\n    <div class=\"g5element__gallery-item-inner \" data-ratio=\"1x1.55\">\n            <div class=\"g5core__post-featured\">\n                <div style=\"background-image: url(https:\/\/riviera-king-real-estate.com\/wp-content\/uploads\/2021\/06\/IMG_4203-350x559.jpg);\" class=\"g5core__entry-thumbnail g5core__embed-responsive g5core__image-size-350x559\"><\/div>\n                            <a data-g5core-mfp data-gallery-id=\"69f30348e4a20\" href=\"https:\/\/riviera-king-real-estate.com\/wp-content\/uploads\/2021\/06\/IMG_4203.jpg\"  class=\"g5core__zoom-image\"><i class=\"fas fa-expand\"><\/i><\/a>\n            <\/div>\n        <\/div>\n<\/div>\n<div class=\"g5core__gutter-item g5element__gallery-item col-xl-4 col-lg-4 col-md-4 col-sm-6 col-12\">\n    <div class=\"g5element__gallery-item-inner \" data-ratio=\"1x1\">\n            <div class=\"g5core__post-featured\">\n                <div style=\"background-image: url(https:\/\/riviera-king-real-estate.com\/wp-content\/uploads\/2021\/06\/T.12844-350x350.jpg);\" class=\"g5core__entry-thumbnail g5core__embed-responsive g5core__image-size-350x350\"><\/div>\n                            <a data-g5core-mfp data-gallery-id=\"69f30348e4a20\" href=\"https:\/\/riviera-king-real-estate.com\/wp-content\/uploads\/2021\/06\/T.12844.jpg\"  class=\"g5core__zoom-image\"><i class=\"fas fa-expand\"><\/i><\/a>\n            <\/div>\n        <\/div>\n<\/div>\n<div class=\"g5core__gutter-item g5element__gallery-item col-xl-4 col-lg-4 col-md-4 col-sm-6 col-12\">\n    <div class=\"g5element__gallery-item-inner \" data-ratio=\"1x1.55\">\n            <div class=\"g5core__post-featured\">\n                <div style=\"background-image: url(https:\/\/riviera-king-real-estate.com\/wp-content\/uploads\/2021\/06\/T.32136-350x559.jpg);\" class=\"g5core__entry-thumbnail g5core__embed-responsive g5core__image-size-350x559\"><\/div>\n                            <a data-g5core-mfp data-gallery-id=\"69f30348e4a20\" href=\"https:\/\/riviera-king-real-estate.com\/wp-content\/uploads\/2021\/06\/T.32136.jpg\"  class=\"g5core__zoom-image\"><i class=\"fas fa-expand\"><\/i><\/a>\n            <\/div>\n        <\/div>\n<\/div>\n<div class=\"g5core__gutter-item g5element__gallery-item col-xl-4 col-lg-4 col-md-4 col-sm-6 col-12\">\n    <div class=\"g5element__gallery-item-inner \" data-ratio=\"1x1.55\">\n            <div class=\"g5core__post-featured\">\n                <div style=\"background-image: url(https:\/\/riviera-king-real-estate.com\/wp-content\/uploads\/2021\/06\/U.61861-350x559.jpg);\" class=\"g5core__entry-thumbnail g5core__embed-responsive g5core__image-size-350x559\"><\/div>\n                            <a data-g5core-mfp data-gallery-id=\"69f30348e4a20\" href=\"https:\/\/riviera-king-real-estate.com\/wp-content\/uploads\/2021\/06\/U.61861.jpg\"  class=\"g5core__zoom-image\"><i class=\"fas fa-expand\"><\/i><\/a>\n            <\/div>\n        <\/div>\n<\/div>\n<div class=\"g5core__gutter-item g5element__gallery-item col-xl-4 col-lg-4 col-md-4 col-sm-6 col-12\">\n    <div class=\"g5element__gallery-item-inner \" data-ratio=\"1x1\">\n            <div class=\"g5core__post-featured\">\n                <div style=\"background-image: url(https:\/\/riviera-king-real-estate.com\/wp-content\/uploads\/2021\/06\/U.83463-350x350.jpg);\" class=\"g5core__entry-thumbnail g5core__embed-responsive g5core__image-size-350x350\"><\/div>\n                            <a data-g5core-mfp data-gallery-id=\"69f30348e4a20\" href=\"https:\/\/riviera-king-real-estate.com\/wp-content\/uploads\/2021\/06\/U.83463.jpg\"  class=\"g5core__zoom-image\"><i class=\"fas fa-expand\"><\/i><\/a>\n            <\/div>\n        <\/div>\n<\/div>\n\t\t<\/div>\n\t<\/div>\n\n\n<\/div><\/div><\/div><\/div><div class=\"vc_row-full-width vc_clearfix\"><\/div>\n","protected":false},"excerpt":{"rendered":"Vernissage le 8 juillet 2021 \u00e0 18h QUAND L\u2019ART RENCONTRE L\u2019IMMOBILIER Riviera King est aussi une gallerie d'art . Entr\u00e9e libre Artiste: JOHN HALL LE PHOTOGRAPHE Issu de la rencontre, \u00e0 Madrid encore r\u00e9publicaine, d'un p\u00e8re Gallois et d'une m\u00e8re Catalane, John Hall \u00e9tudiera en France l'art v\u00e9t\u00e9rinaire et les sciences politiques. D'un naturel curieux, [...]","protected":false},"author":1,"featured_media":0,"parent":0,"menu_order":0,"comment_status":"closed","ping_status":"closed","template":"","meta":{"footnotes":""},"class_list":["post-219","page","type-page","status-publish","hentry"],"acf":[],"yoast_head":"<!-- This site is optimized with the Yoast SEO Premium plugin v23.8 (Yoast SEO v27.5) - https:\/\/yoast.com\/product\/yoast-seo-premium-wordpress\/ -->\n<title>John Hall - Riviera King- Agence immobili\u00e8re<\/title>\n<meta name=\"description\" content=\"Cot\u00e9 Galerie - Expositions artistiques dans notre agence immobili\u00e8re \u00e0 Villefranche sur mer\" \/>\n<meta name=\"robots\" content=\"index, follow, max-snippet:-1, max-image-preview:large, max-video-preview:-1\" \/>\n<link rel=\"canonical\" href=\"https:\/\/riviera-king-real-estate.com\/fr\/john-hall\/\" \/>\n<meta property=\"og:locale\" content=\"fr_FR\" \/>\n<meta property=\"og:type\" content=\"article\" \/>\n<meta property=\"og:title\" content=\"John Hall\" \/>\n<meta property=\"og:description\" content=\"Cot\u00e9 Galerie - Expositions artistiques dans notre agence immobili\u00e8re \u00e0 Villefranche sur mer\" \/>\n<meta property=\"og:url\" content=\"https:\/\/riviera-king-real-estate.com\/fr\/john-hall\/\" \/>\n<meta property=\"og:site_name\" content=\"Riviera King- Agence immobili\u00e8re\" \/>\n<meta property=\"article:publisher\" content=\"https:\/\/www.facebook.com\/RivieraKingFrance\" \/>\n<meta property=\"article:modified_time\" content=\"2022-02-16T16:06:25+00:00\" \/>\n<meta name=\"twitter:card\" content=\"summary_large_image\" \/>\n<meta name=\"twitter:site\" content=\"@riviera_king\" \/>\n<meta name=\"twitter:label1\" content=\"Dur\u00e9e de lecture estim\u00e9e\" \/>\n\t<meta name=\"twitter:data1\" content=\"2 minutes\" \/>\n<script type=\"application\/ld+json\" class=\"yoast-schema-graph\">{\"@context\":\"https:\\\/\\\/schema.org\",\"@graph\":[{\"@type\":\"WebPage\",\"@id\":\"https:\\\/\\\/riviera-king-real-estate.com\\\/fr\\\/john-hall\\\/\",\"url\":\"https:\\\/\\\/riviera-king-real-estate.com\\\/fr\\\/john-hall\\\/\",\"name\":\"John Hall - Riviera King- Agence immobili\u00e8re\",\"isPartOf\":{\"@id\":\"https:\\\/\\\/riviera-king-real-estate.com\\\/fr\\\/#website\"},\"datePublished\":\"2020-07-14T08:16:36+00:00\",\"dateModified\":\"2022-02-16T16:06:25+00:00\",\"description\":\"Cot\u00e9 Galerie - Expositions artistiques dans notre agence immobili\u00e8re \u00e0 Villefranche sur mer\",\"breadcrumb\":{\"@id\":\"https:\\\/\\\/riviera-king-real-estate.com\\\/fr\\\/john-hall\\\/#breadcrumb\"},\"inLanguage\":\"fr-FR\",\"potentialAction\":[{\"@type\":\"ReadAction\",\"target\":[\"https:\\\/\\\/riviera-king-real-estate.com\\\/fr\\\/john-hall\\\/\"]}]},{\"@type\":\"BreadcrumbList\",\"@id\":\"https:\\\/\\\/riviera-king-real-estate.com\\\/fr\\\/john-hall\\\/#breadcrumb\",\"itemListElement\":[{\"@type\":\"ListItem\",\"position\":1,\"name\":\"Accueil\",\"item\":\"https:\\\/\\\/riviera-king-real-estate.com\\\/fr\\\/\"},{\"@type\":\"ListItem\",\"position\":2,\"name\":\"John Hall\"}]},{\"@type\":\"WebSite\",\"@id\":\"https:\\\/\\\/riviera-king-real-estate.com\\\/fr\\\/#website\",\"url\":\"https:\\\/\\\/riviera-king-real-estate.com\\\/fr\\\/\",\"name\":\"Riviera King- Agence immobili\u00e8re\",\"description\":\"immobilier Villefranche sur mer\",\"publisher\":{\"@id\":\"https:\\\/\\\/riviera-king-real-estate.com\\\/fr\\\/#organization\"},\"potentialAction\":[{\"@type\":\"SearchAction\",\"target\":{\"@type\":\"EntryPoint\",\"urlTemplate\":\"https:\\\/\\\/riviera-king-real-estate.com\\\/fr\\\/?s={search_term_string}\"},\"query-input\":{\"@type\":\"PropertyValueSpecification\",\"valueRequired\":true,\"valueName\":\"search_term_string\"}}],\"inLanguage\":\"fr-FR\"},{\"@type\":\"Organization\",\"@id\":\"https:\\\/\\\/riviera-king-real-estate.com\\\/fr\\\/#organization\",\"name\":\"Riviera King - AKORIMMO\",\"url\":\"https:\\\/\\\/riviera-king-real-estate.com\\\/fr\\\/\",\"logo\":{\"@type\":\"ImageObject\",\"inLanguage\":\"fr-FR\",\"@id\":\"https:\\\/\\\/riviera-king-real-estate.com\\\/fr\\\/#\\\/schema\\\/logo\\\/image\\\/\",\"url\":\"https:\\\/\\\/riviera-king-real-estate.com\\\/wp-content\\\/uploads\\\/2021\\\/06\\\/RivieraKing-Akorimmo_Logo_Blanc-1-scaled.jpg\",\"contentUrl\":\"https:\\\/\\\/riviera-king-real-estate.com\\\/wp-content\\\/uploads\\\/2021\\\/06\\\/RivieraKing-Akorimmo_Logo_Blanc-1-scaled.jpg\",\"width\":1400,\"height\":472,\"caption\":\"Riviera King - AKORIMMO\"},\"image\":{\"@id\":\"https:\\\/\\\/riviera-king-real-estate.com\\\/fr\\\/#\\\/schema\\\/logo\\\/image\\\/\"},\"sameAs\":[\"https:\\\/\\\/www.facebook.com\\\/RivieraKingFrance\",\"https:\\\/\\\/x.com\\\/riviera_king\",\"https:\\\/\\\/www.instagram.com\\\/riviera.king\\\/\"]}]}<\/script>\n<!-- \/ Yoast SEO Premium plugin. -->","yoast_head_json":{"title":"John Hall - Riviera King- Agence immobili\u00e8re","description":"Cot\u00e9 Galerie - Expositions artistiques dans notre agence immobili\u00e8re \u00e0 Villefranche sur mer","robots":{"index":"index","follow":"follow","max-snippet":"max-snippet:-1","max-image-preview":"max-image-preview:large","max-video-preview":"max-video-preview:-1"},"canonical":"https:\/\/riviera-king-real-estate.com\/fr\/john-hall\/","og_locale":"fr_FR","og_type":"article","og_title":"John Hall","og_description":"Cot\u00e9 Galerie - Expositions artistiques dans notre agence immobili\u00e8re \u00e0 Villefranche sur mer","og_url":"https:\/\/riviera-king-real-estate.com\/fr\/john-hall\/","og_site_name":"Riviera King- Agence immobili\u00e8re","article_publisher":"https:\/\/www.facebook.com\/RivieraKingFrance","article_modified_time":"2022-02-16T16:06:25+00:00","twitter_card":"summary_large_image","twitter_site":"@riviera_king","twitter_misc":{"Dur\u00e9e de lecture estim\u00e9e":"2 minutes"},"schema":{"@context":"https:\/\/schema.org","@graph":[{"@type":"WebPage","@id":"https:\/\/riviera-king-real-estate.com\/fr\/john-hall\/","url":"https:\/\/riviera-king-real-estate.com\/fr\/john-hall\/","name":"John Hall - Riviera King- Agence immobili\u00e8re","isPartOf":{"@id":"https:\/\/riviera-king-real-estate.com\/fr\/#website"},"datePublished":"2020-07-14T08:16:36+00:00","dateModified":"2022-02-16T16:06:25+00:00","description":"Cot\u00e9 Galerie - Expositions artistiques dans notre agence immobili\u00e8re \u00e0 Villefranche sur mer","breadcrumb":{"@id":"https:\/\/riviera-king-real-estate.com\/fr\/john-hall\/#breadcrumb"},"inLanguage":"fr-FR","potentialAction":[{"@type":"ReadAction","target":["https:\/\/riviera-king-real-estate.com\/fr\/john-hall\/"]}]},{"@type":"BreadcrumbList","@id":"https:\/\/riviera-king-real-estate.com\/fr\/john-hall\/#breadcrumb","itemListElement":[{"@type":"ListItem","position":1,"name":"Accueil","item":"https:\/\/riviera-king-real-estate.com\/fr\/"},{"@type":"ListItem","position":2,"name":"John Hall"}]},{"@type":"WebSite","@id":"https:\/\/riviera-king-real-estate.com\/fr\/#website","url":"https:\/\/riviera-king-real-estate.com\/fr\/","name":"Riviera King- Agence immobili\u00e8re","description":"immobilier Villefranche sur mer","publisher":{"@id":"https:\/\/riviera-king-real-estate.com\/fr\/#organization"},"potentialAction":[{"@type":"SearchAction","target":{"@type":"EntryPoint","urlTemplate":"https:\/\/riviera-king-real-estate.com\/fr\/?s={search_term_string}"},"query-input":{"@type":"PropertyValueSpecification","valueRequired":true,"valueName":"search_term_string"}}],"inLanguage":"fr-FR"},{"@type":"Organization","@id":"https:\/\/riviera-king-real-estate.com\/fr\/#organization","name":"Riviera King - AKORIMMO","url":"https:\/\/riviera-king-real-estate.com\/fr\/","logo":{"@type":"ImageObject","inLanguage":"fr-FR","@id":"https:\/\/riviera-king-real-estate.com\/fr\/#\/schema\/logo\/image\/","url":"https:\/\/riviera-king-real-estate.com\/wp-content\/uploads\/2021\/06\/RivieraKing-Akorimmo_Logo_Blanc-1-scaled.jpg","contentUrl":"https:\/\/riviera-king-real-estate.com\/wp-content\/uploads\/2021\/06\/RivieraKing-Akorimmo_Logo_Blanc-1-scaled.jpg","width":1400,"height":472,"caption":"Riviera King - AKORIMMO"},"image":{"@id":"https:\/\/riviera-king-real-estate.com\/fr\/#\/schema\/logo\/image\/"},"sameAs":["https:\/\/www.facebook.com\/RivieraKingFrance","https:\/\/x.com\/riviera_king","https:\/\/www.instagram.com\/riviera.king\/"]}]}},"_links":{"self":[{"href":"https:\/\/riviera-king-real-estate.com\/fr\/wp-json\/wp\/v2\/pages\/219","targetHints":{"allow":["GET"]}}],"collection":[{"href":"https:\/\/riviera-king-real-estate.com\/fr\/wp-json\/wp\/v2\/pages"}],"about":[{"href":"https:\/\/riviera-king-real-estate.com\/fr\/wp-json\/wp\/v2\/types\/page"}],"author":[{"embeddable":true,"href":"https:\/\/riviera-king-real-estate.com\/fr\/wp-json\/wp\/v2\/users\/1"}],"replies":[{"embeddable":true,"href":"https:\/\/riviera-king-real-estate.com\/fr\/wp-json\/wp\/v2\/comments?post=219"}],"version-history":[{"count":0,"href":"https:\/\/riviera-king-real-estate.com\/fr\/wp-json\/wp\/v2\/pages\/219\/revisions"}],"wp:attachment":[{"href":"https:\/\/riviera-king-real-estate.com\/fr\/wp-json\/wp\/v2\/media?parent=219"}],"curies":[{"name":"wp","href":"https:\/\/api.w.org\/{rel}","templated":true}]}}