{"id":272570,"date":"2022-02-03T10:51:06","date_gmt":"2022-02-03T09:51:06","guid":{"rendered":"https:\/\/riviera-king-real-estate.com\/?page_id=272570"},"modified":"2024-08-10T16:54:57","modified_gmt":"2024-08-10T14:54:57","slug":"galerie","status":"publish","type":"page","link":"https:\/\/riviera-king-real-estate.com\/fr\/galerie\/","title":{"rendered":"Galerie"},"content":{"rendered":"<div class=\"vc_row wpb_row vc_row-fluid\"><div class=\"wpb_column vc_column_container vc_col-sm-12\"><div class=\"vc_column-inner\"><div class=\"wpb_wrapper\"><div class=\"gel-heading gel-heading-style-02 vc_custom_1723301692759 text-center\">\n\t\t\t<div class=\"gel-heading-subtitle\">Galerie<\/div>\n\t\t<h1 class=\"gel-heading-title\">\n\t\tRIVIERA KING SOUTIENT LES ARTISTES\t<\/h1>\n\t\t\t<p class=\"gel-heading-description\">Riviera King offre aux artistes un espace d\u2019exposition unique, situ\u00e9 au c\u0153ur historique de la vieille ville de Villefranche-sur-Mer. Ce lieu d\u2019exception, o\u00f9 l\u2019art et l\u2019immobilier se rencontrent, permet aux cr\u00e9ateurs de pr\u00e9senter leurs \u0153uvres dans un cadre authentique et inspirant, impr\u00e9gn\u00e9 du charme intemporel de la C\u00f4te d\u2019Azur.<\/p>\n\t<\/div><\/div><\/div><\/div><\/div><div class=\"vc_row wpb_row vc_row-fluid vc_custom_1643993841566 vc_column-gap-35 vc_row-o-equal-height vc_row-flex\"><div class=\"wpb_column vc_column_container vc_col-sm-6\"><div class=\"vc_column-inner\"><div class=\"wpb_wrapper\">\n\t<div  class=\"wpb_single_image wpb_content_element vc_align_left\">\n\t\t\n\t\t<figure class=\"wpb_wrapper vc_figure\">\n\t\t\t<div class=\"vc_single_image-wrapper   vc_box_border_grey\"><img loading=\"lazy\" decoding=\"async\" width=\"640\" height=\"480\" src=\"https:\/\/riviera-king-real-estate.com\/wp-content\/uploads\/2021\/07\/GALLERY3.jpeg\" class=\"vc_single_image-img attachment-full\" alt=\"\" srcset=\"https:\/\/riviera-king-real-estate.com\/wp-content\/uploads\/2021\/07\/GALLERY3.jpeg 640w, https:\/\/riviera-king-real-estate.com\/wp-content\/uploads\/2021\/07\/GALLERY3-300x225.jpeg 300w\" sizes=\"auto, (max-width: 640px) 100vw, 640px\" \/><\/div>\n\t\t<\/figure>\n\t<\/div>\n<\/div><\/div><\/div><div class=\"wpb_column vc_column_container vc_col-sm-6\"><div class=\"vc_column-inner\"><div class=\"wpb_wrapper\"><div class=\"gel-heading gel-heading-style-02 text-center\">\n\t\t<h2 class=\"gel-heading-title\">\n\t\tQUAND L\u2019ART RENCONTRE L\u2019IMMOBILIER\t<\/h2>\n\t\t\t<p class=\"gel-heading-description\">L\u2019art et l\u2019immobilier sont deux domaines qui, bien qu\u2019apparemment distincts, entretiennent une relation \u00e9troite et symbiotique. L\u2019art, par sa capacit\u00e9 \u00e0 \u00e9veiller des \u00e9motions et \u00e0 transformer un espace, joue un r\u00f4le crucial dans la valorisation de l\u2019immobilier. Lorsqu\u2019une \u0153uvre d\u2019art est soigneusement s\u00e9lectionn\u00e9e et int\u00e9gr\u00e9e dans un environnement immobilier, elle peut sublimer l\u2019espace, en accentuant ses atouts et en cr\u00e9ant une atmosph\u00e8re unique qui s\u00e9duit les potentiels acheteurs ou locataires.<\/p>\n<p>L\u2019immobilier, de son c\u00f4t\u00e9, sert de toile de fond \u00e0 l\u2019expression artistique. Que ce soit par l\u2019architecture audacieuse, le design d\u2019int\u00e9rieur innovant ou l\u2019int\u00e9gration d\u2019installations artistiques, les propri\u00e9t\u00e9s immobili\u00e8res deviennent des \u0153uvres d\u2019art en elles-m\u00eames. Cette fusion de l\u2019art et de l\u2019immobilier va au-del\u00e0 de l\u2019esth\u00e9tique ; elle ajoute une valeur tangible au bien, renfor\u00e7ant son attrait sur le march\u00e9.<\/p>\n<p>En associant l\u2019art et l\u2019immobilier, on cr\u00e9e des espaces vivants qui racontent une histoire, qui invitent \u00e0 la contemplation et qui \u00e9tablissent une connexion \u00e9motionnelle avec ceux qui les habitent ou les visitent. C\u2019est cette synergie entre art et immobilier qui transforme un simple bien en un lieu de vie exceptionnel, o\u00f9 l\u2019art de vivre prend tout son sens.<\/p>\n\t<\/div><\/div><\/div><\/div><\/div><div class=\"vc_row wpb_row vc_row-fluid\"><div class=\"wpb_column vc_column_container vc_col-sm-6\"><div class=\"vc_column-inner\"><div class=\"wpb_wrapper\"><div class=\"gel-heading gel-heading-style-01 text-left\">\n\t\t<h2 class=\"gel-heading-title\">\n\t\tPOUR L'AMOUR DE L'ART\t<\/h2>\n\t\t\t<p class=\"gel-heading-description\">Unique dans la re\u0301gion, et parce que nous sommes des amoureux de l\u2019art et de l\u2019histoire de Villefranche sur mer, notre agence immobilie\u0300re est aussi un espace de rencontre et d\u2019e\u0301changes avec vous au sein de notre galerie d\u2019art. Nous vous invitons a\u0300 de\u0301couvrir des artistes locaux, mais aussi d\u2019ailleurs qui inspirent le paysage culturel de la re\u0301gion Co\u0302te d\u2019Azur.<br \/>\nVous assistez a\u0300 des vernissages ou\u0300 l\u2019art se me\u0302le subtilement a\u0300 l\u2019immobilier et qui sait, peut-e\u0302tre s\u2019inviter dans votre nouvelle demeure pour lui donner encore plus de cachet ou pour ajouter une de\u0301coration unique a\u0300 des villas a\u0300 vendre a\u0300 Villefranche sur Mer.<\/p>\n\t<\/div><\/div><\/div><\/div><div class=\"wpb_column vc_column_container vc_col-sm-6\"><div class=\"vc_column-inner\"><div class=\"wpb_wrapper\">\n\t<div  class=\"wpb_single_image wpb_content_element vc_align_center\">\n\t\t\n\t\t<figure class=\"wpb_wrapper vc_figure\">\n\t\t\t<div class=\"vc_single_image-wrapper   vc_box_border_grey\"><img loading=\"lazy\" decoding=\"async\" width=\"640\" height=\"446\" src=\"https:\/\/riviera-king-real-estate.com\/wp-content\/uploads\/2021\/08\/LOGO-ANNE-MARIE-1.jpeg\" class=\"vc_single_image-img attachment-large\" alt=\"\" \/><\/div>\n\t\t<\/figure>\n\t<\/div>\n<\/div><\/div><\/div><div class=\"wpb_column vc_column_container vc_col-sm-12\"><div class=\"vc_column-inner\"><div class=\"wpb_wrapper\"><div class=\"wpb_images_carousel wpb_content_element vc_clearfix\"><div class=\"wpb_wrapper\"><h2 class=\"wpb_heading wpb_gallery_heading\">EXPOSITIONS<\/h2><div id=\"vc_images-carousel-1-1777437302\" data-ride=\"vc_carousel\" data-wrap=\"true\" style=\"width: 100%;\" data-interval=\"5000\" data-auto-height=\"yes\" data-mode=\"horizontal\" data-partial=\"false\" data-per-view=\"4\" data-hide-on-end=\"false\" class=\"vc_slide vc_images_carousel\"><ol class=\"vc_carousel-indicators\"><li data-target=\"#vc_images-carousel-1-1777437302\" data-slide-to=\"0\"><\/li><li data-target=\"#vc_images-carousel-1-1777437302\" data-slide-to=\"1\"><\/li><li data-target=\"#vc_images-carousel-1-1777437302\" data-slide-to=\"2\"><\/li><li data-target=\"#vc_images-carousel-1-1777437302\" data-slide-to=\"3\"><\/li><li data-target=\"#vc_images-carousel-1-1777437302\" data-slide-to=\"4\"><\/li><li data-target=\"#vc_images-carousel-1-1777437302\" data-slide-to=\"5\"><\/li><li data-target=\"#vc_images-carousel-1-1777437302\" data-slide-to=\"6\"><\/li><li data-target=\"#vc_images-carousel-1-1777437302\" data-slide-to=\"7\"><\/li><li data-target=\"#vc_images-carousel-1-1777437302\" data-slide-to=\"8\"><\/li><li data-target=\"#vc_images-carousel-1-1777437302\" data-slide-to=\"9\"><\/li><\/ol><div class=\"vc_carousel-inner\"><div class=\"vc_carousel-slideline\"><div class=\"vc_carousel-slideline-inner\"><div class=\"vc_item\"><div class=\"vc_inner\"><a class=\"\" href=\"https:\/\/riviera-king-real-estate.com\/wp-content\/uploads\/2021\/08\/LOGO-ANNE-MARIE-1.jpeg\" data-lightbox=\"lightbox[rel-272570-1182702798]\"><img loading=\"lazy\" decoding=\"async\" width=\"640\" height=\"446\" src=\"https:\/\/riviera-king-real-estate.com\/wp-content\/uploads\/2021\/08\/LOGO-ANNE-MARIE-1.jpeg\" class=\"attachment-full\" alt=\"\" \/><\/a><\/div><\/div><div class=\"vc_item\"><div class=\"vc_inner\"><a class=\"\" href=\"https:\/\/riviera-king-real-estate.com\/wp-content\/uploads\/2021\/12\/IMG_9510.jpeg\" data-lightbox=\"lightbox[rel-272570-1182702798]\"><img loading=\"lazy\" decoding=\"async\" width=\"950\" height=\"950\" src=\"https:\/\/riviera-king-real-estate.com\/wp-content\/uploads\/2021\/12\/IMG_9510.jpeg\" class=\"attachment-full\" alt=\"\" \/><\/a><\/div><\/div><div class=\"vc_item\"><div class=\"vc_inner\"><a class=\"\" href=\"https:\/\/riviera-king-real-estate.com\/wp-content\/uploads\/2021\/12\/469b83e6-6316-4d20-8b59-152015397ff8-2.jpg\" data-lightbox=\"lightbox[rel-272570-1182702798]\"><img loading=\"lazy\" decoding=\"async\" width=\"1024\" height=\"768\" src=\"https:\/\/riviera-king-real-estate.com\/wp-content\/uploads\/2021\/12\/469b83e6-6316-4d20-8b59-152015397ff8-2.jpg\" class=\"attachment-full\" alt=\"Artiste Salette Viana\" srcset=\"https:\/\/riviera-king-real-estate.com\/wp-content\/uploads\/2021\/12\/469b83e6-6316-4d20-8b59-152015397ff8-2.jpg 1024w, https:\/\/riviera-king-real-estate.com\/wp-content\/uploads\/2021\/12\/469b83e6-6316-4d20-8b59-152015397ff8-2-300x225.jpg 300w, https:\/\/riviera-king-real-estate.com\/wp-content\/uploads\/2021\/12\/469b83e6-6316-4d20-8b59-152015397ff8-2-768x576.jpg 768w, https:\/\/riviera-king-real-estate.com\/wp-content\/uploads\/2021\/12\/469b83e6-6316-4d20-8b59-152015397ff8-2-16x12.jpg 16w\" sizes=\"auto, (max-width: 1024px) 100vw, 1024px\" \/><\/a><\/div><\/div><div class=\"vc_item\"><div class=\"vc_inner\"><a class=\"\" href=\"https:\/\/riviera-king-real-estate.com\/wp-content\/uploads\/2022\/03\/usa.jpg\" data-lightbox=\"lightbox[rel-272570-1182702798]\"><img loading=\"lazy\" decoding=\"async\" width=\"640\" height=\"480\" src=\"https:\/\/riviera-king-real-estate.com\/wp-content\/uploads\/2022\/03\/usa.jpg\" class=\"attachment-full\" alt=\"\" srcset=\"https:\/\/riviera-king-real-estate.com\/wp-content\/uploads\/2022\/03\/usa.jpg 640w, https:\/\/riviera-king-real-estate.com\/wp-content\/uploads\/2022\/03\/usa-300x225.jpg 300w, https:\/\/riviera-king-real-estate.com\/wp-content\/uploads\/2022\/03\/usa-16x12.jpg 16w\" sizes=\"auto, (max-width: 640px) 100vw, 640px\" \/><\/a><\/div><\/div><div class=\"vc_item\"><div class=\"vc_inner\"><a class=\"\" href=\"https:\/\/riviera-king-real-estate.com\/wp-content\/uploads\/2022\/06\/1-1024x768.jpeg\" data-lightbox=\"lightbox[rel-272570-1182702798]\"><img loading=\"lazy\" decoding=\"async\" width=\"1267\" height=\"950\" src=\"https:\/\/riviera-king-real-estate.com\/wp-content\/uploads\/2022\/06\/1.jpeg\" class=\"attachment-full\" alt=\"\" srcset=\"https:\/\/riviera-king-real-estate.com\/wp-content\/uploads\/2022\/06\/1.jpeg 1267w, https:\/\/riviera-king-real-estate.com\/wp-content\/uploads\/2022\/06\/1-300x225.jpeg 300w, https:\/\/riviera-king-real-estate.com\/wp-content\/uploads\/2022\/06\/1-1024x768.jpeg 1024w, https:\/\/riviera-king-real-estate.com\/wp-content\/uploads\/2022\/06\/1-768x576.jpeg 768w, https:\/\/riviera-king-real-estate.com\/wp-content\/uploads\/2022\/06\/1-1536x1152.jpeg 1536w, https:\/\/riviera-king-real-estate.com\/wp-content\/uploads\/2022\/06\/1-2048x1536.jpeg 2048w, https:\/\/riviera-king-real-estate.com\/wp-content\/uploads\/2022\/06\/1-16x12.jpeg 16w\" sizes=\"auto, (max-width: 1267px) 100vw, 1267px\" \/><\/a><\/div><\/div><div class=\"vc_item\"><div class=\"vc_inner\"><a class=\"\" href=\"https:\/\/riviera-king-real-estate.com\/wp-content\/uploads\/2022\/06\/3-731x1024.png\" data-lightbox=\"lightbox[rel-272570-1182702798]\"><img loading=\"lazy\" decoding=\"async\" width=\"678\" height=\"950\" src=\"https:\/\/riviera-king-real-estate.com\/wp-content\/uploads\/2022\/06\/3.png\" class=\"attachment-full\" alt=\"\" srcset=\"https:\/\/riviera-king-real-estate.com\/wp-content\/uploads\/2022\/06\/3.png 678w, https:\/\/riviera-king-real-estate.com\/wp-content\/uploads\/2022\/06\/3-214x300.png 214w, https:\/\/riviera-king-real-estate.com\/wp-content\/uploads\/2022\/06\/3-731x1024.png 731w, https:\/\/riviera-king-real-estate.com\/wp-content\/uploads\/2022\/06\/3-768x1076.png 768w, https:\/\/riviera-king-real-estate.com\/wp-content\/uploads\/2022\/06\/3-1097x1536.png 1097w, https:\/\/riviera-king-real-estate.com\/wp-content\/uploads\/2022\/06\/3-9x12.png 9w\" sizes=\"auto, (max-width: 678px) 100vw, 678px\" \/><\/a><\/div><\/div><div class=\"vc_item\"><div class=\"vc_inner\"><a class=\"\" href=\"https:\/\/riviera-king-real-estate.com\/wp-content\/uploads\/2021\/09\/Unknown-scaled.jpeg\" data-lightbox=\"lightbox[rel-272570-1182702798]\"><img loading=\"lazy\" decoding=\"async\" width=\"671\" height=\"950\" src=\"https:\/\/riviera-king-real-estate.com\/wp-content\/uploads\/2021\/09\/Unknown-scaled.jpeg\" class=\"attachment-full\" alt=\"\" \/><\/a><\/div><\/div><div class=\"vc_item\"><div class=\"vc_inner\"><a class=\"\" href=\"https:\/\/riviera-king-real-estate.com\/wp-content\/uploads\/2021\/06\/U.83463.jpg\" data-lightbox=\"lightbox[rel-272570-1182702798]\"><img loading=\"lazy\" decoding=\"async\" width=\"1024\" height=\"688\" src=\"https:\/\/riviera-king-real-estate.com\/wp-content\/uploads\/2021\/06\/U.83463.jpg\" class=\"attachment-full\" alt=\"\" srcset=\"https:\/\/riviera-king-real-estate.com\/wp-content\/uploads\/2021\/06\/U.83463.jpg 1024w, https:\/\/riviera-king-real-estate.com\/wp-content\/uploads\/2021\/06\/U.83463-300x202.jpg 300w, https:\/\/riviera-king-real-estate.com\/wp-content\/uploads\/2021\/06\/U.83463-768x516.jpg 768w\" sizes=\"auto, (max-width: 1024px) 100vw, 1024px\" \/><\/a><\/div><\/div><div class=\"vc_item\"><div class=\"vc_inner\"><a class=\"\" href=\"https:\/\/riviera-king-real-estate.com\/wp-content\/uploads\/2022\/08\/rk1-724x1024.jpeg\" data-lightbox=\"lightbox[rel-272570-1182702798]\"><img loading=\"lazy\" decoding=\"async\" width=\"672\" height=\"950\" src=\"https:\/\/riviera-king-real-estate.com\/wp-content\/uploads\/2022\/08\/rk1.jpeg\" class=\"attachment-full\" alt=\"\" srcset=\"https:\/\/riviera-king-real-estate.com\/wp-content\/uploads\/2022\/08\/rk1.jpeg 672w, https:\/\/riviera-king-real-estate.com\/wp-content\/uploads\/2022\/08\/rk1-212x300.jpeg 212w, https:\/\/riviera-king-real-estate.com\/wp-content\/uploads\/2022\/08\/rk1-724x1024.jpeg 724w, https:\/\/riviera-king-real-estate.com\/wp-content\/uploads\/2022\/08\/rk1-768x1086.jpeg 768w, https:\/\/riviera-king-real-estate.com\/wp-content\/uploads\/2022\/08\/rk1-1086x1536.jpeg 1086w, https:\/\/riviera-king-real-estate.com\/wp-content\/uploads\/2022\/08\/rk1-1448x2048.jpeg 1448w, https:\/\/riviera-king-real-estate.com\/wp-content\/uploads\/2022\/08\/rk1-8x12.jpeg 8w\" sizes=\"auto, (max-width: 672px) 100vw, 672px\" \/><\/a><\/div><\/div><div class=\"vc_item\"><div class=\"vc_inner\"><a class=\"\" href=\"https:\/\/riviera-king-real-estate.com\/wp-content\/uploads\/2022\/08\/20220324_102030-719x1024.jpeg\" data-lightbox=\"lightbox[rel-272570-1182702798]\"><img loading=\"lazy\" decoding=\"async\" width=\"667\" height=\"950\" src=\"https:\/\/riviera-king-real-estate.com\/wp-content\/uploads\/2022\/08\/20220324_102030.jpeg\" class=\"attachment-full\" alt=\"\" srcset=\"https:\/\/riviera-king-real-estate.com\/wp-content\/uploads\/2022\/08\/20220324_102030.jpeg 667w, https:\/\/riviera-king-real-estate.com\/wp-content\/uploads\/2022\/08\/20220324_102030-211x300.jpeg 211w, https:\/\/riviera-king-real-estate.com\/wp-content\/uploads\/2022\/08\/20220324_102030-719x1024.jpeg 719w, https:\/\/riviera-king-real-estate.com\/wp-content\/uploads\/2022\/08\/20220324_102030-768x1094.jpeg 768w, https:\/\/riviera-king-real-estate.com\/wp-content\/uploads\/2022\/08\/20220324_102030-1079x1536.jpeg 1079w, https:\/\/riviera-king-real-estate.com\/wp-content\/uploads\/2022\/08\/20220324_102030-1438x2048.jpeg 1438w, https:\/\/riviera-king-real-estate.com\/wp-content\/uploads\/2022\/08\/20220324_102030-8x12.jpeg 8w\" sizes=\"auto, (max-width: 667px) 100vw, 667px\" \/><\/a><\/div><\/div><\/div><\/div><\/div><a class=\"vc_left vc_carousel-control\" href=\"#vc_images-carousel-1-1777437302\" data-slide=\"prev\"><span class=\"icon-prev\"><\/span><\/a><a class=\"vc_right vc_carousel-control\" href=\"#vc_images-carousel-1-1777437302\" data-slide=\"next\"><span class=\"icon-next\"><\/span><\/a><\/div><\/div><\/div><\/div><\/div><\/div><\/div>\n","protected":false},"excerpt":{"rendered":"Galerie RIVIERA KING SOUTIENT LES ARTISTES Riviera King offre aux artistes un espace d\u2019exposition unique, situ\u00e9 au c\u0153ur historique de la vieille ville de Villefranche-sur-Mer. Ce lieu d\u2019exception, o\u00f9 l\u2019art et l\u2019immobilier se rencontrent, permet aux cr\u00e9ateurs de pr\u00e9senter leurs \u0153uvres dans un cadre authentique et inspirant, impr\u00e9gn\u00e9 du charme intemporel de la C\u00f4te d\u2019Azur. [...]","protected":false},"author":1,"featured_media":0,"parent":0,"menu_order":0,"comment_status":"closed","ping_status":"closed","template":"","meta":{"footnotes":""},"class_list":["post-272570","page","type-page","status-publish","hentry"],"acf":[],"yoast_head":"<!-- This site is optimized with the Yoast SEO Premium plugin v23.8 (Yoast SEO v27.5) - https:\/\/yoast.com\/product\/yoast-seo-premium-wordpress\/ -->\n<title>Explorer le pouvoir de l&#039;art dans l&#039;immobilier - Riviera King- Agence immobili\u00e8re<\/title>\n<meta name=\"description\" content=\"Associer l&#039;art et l&#039;immobilier, deux milieux en apparence si oppos\u00e9s, pourrait sembler incongru. Et pourtant\u2026 D\u00e9couvrez la galerie d&#039;artistes\" \/>\n<meta name=\"robots\" content=\"index, follow, max-snippet:-1, max-image-preview:large, max-video-preview:-1\" \/>\n<link rel=\"canonical\" href=\"https:\/\/riviera-king-real-estate.com\/fr\/galerie\/\" \/>\n<meta property=\"og:locale\" content=\"fr_FR\" \/>\n<meta property=\"og:type\" content=\"article\" \/>\n<meta property=\"og:title\" content=\"Galerie\" \/>\n<meta property=\"og:description\" content=\"Associer l&#039;art et l&#039;immobilier, deux milieux en apparence si oppos\u00e9s, pourrait sembler incongru. Et pourtant\u2026 D\u00e9couvrez la galerie d&#039;artistes\" \/>\n<meta property=\"og:url\" content=\"https:\/\/riviera-king-real-estate.com\/fr\/galerie\/\" \/>\n<meta property=\"og:site_name\" content=\"Riviera King- Agence immobili\u00e8re\" \/>\n<meta property=\"article:publisher\" content=\"https:\/\/www.facebook.com\/RivieraKingFrance\" \/>\n<meta property=\"article:modified_time\" content=\"2024-08-10T14:54:57+00:00\" \/>\n<meta name=\"twitter:card\" content=\"summary_large_image\" \/>\n<meta name=\"twitter:site\" content=\"@riviera_king\" \/>\n<meta name=\"twitter:label1\" content=\"Dur\u00e9e de lecture estim\u00e9e\" \/>\n\t<meta name=\"twitter:data1\" content=\"2 minutes\" \/>\n<script type=\"application\/ld+json\" class=\"yoast-schema-graph\">{\"@context\":\"https:\\\/\\\/schema.org\",\"@graph\":[{\"@type\":\"WebPage\",\"@id\":\"https:\\\/\\\/riviera-king-real-estate.com\\\/fr\\\/galerie\\\/\",\"url\":\"https:\\\/\\\/riviera-king-real-estate.com\\\/fr\\\/galerie\\\/\",\"name\":\"Explorer le pouvoir de l'art dans l'immobilier - Riviera King- Agence immobili\u00e8re\",\"isPartOf\":{\"@id\":\"https:\\\/\\\/riviera-king-real-estate.com\\\/fr\\\/#website\"},\"datePublished\":\"2022-02-03T09:51:06+00:00\",\"dateModified\":\"2024-08-10T14:54:57+00:00\",\"description\":\"Associer l'art et l'immobilier, deux milieux en apparence si oppos\u00e9s, pourrait sembler incongru. Et pourtant\u2026 D\u00e9couvrez la galerie d'artistes\",\"breadcrumb\":{\"@id\":\"https:\\\/\\\/riviera-king-real-estate.com\\\/fr\\\/galerie\\\/#breadcrumb\"},\"inLanguage\":\"fr-FR\",\"potentialAction\":[{\"@type\":\"ReadAction\",\"target\":[\"https:\\\/\\\/riviera-king-real-estate.com\\\/fr\\\/galerie\\\/\"]}]},{\"@type\":\"BreadcrumbList\",\"@id\":\"https:\\\/\\\/riviera-king-real-estate.com\\\/fr\\\/galerie\\\/#breadcrumb\",\"itemListElement\":[{\"@type\":\"ListItem\",\"position\":1,\"name\":\"Accueil\",\"item\":\"https:\\\/\\\/riviera-king-real-estate.com\\\/fr\\\/\"},{\"@type\":\"ListItem\",\"position\":2,\"name\":\"Galerie\"}]},{\"@type\":\"WebSite\",\"@id\":\"https:\\\/\\\/riviera-king-real-estate.com\\\/fr\\\/#website\",\"url\":\"https:\\\/\\\/riviera-king-real-estate.com\\\/fr\\\/\",\"name\":\"Riviera King- Agence immobili\u00e8re\",\"description\":\"immobilier Villefranche sur mer\",\"publisher\":{\"@id\":\"https:\\\/\\\/riviera-king-real-estate.com\\\/fr\\\/#organization\"},\"potentialAction\":[{\"@type\":\"SearchAction\",\"target\":{\"@type\":\"EntryPoint\",\"urlTemplate\":\"https:\\\/\\\/riviera-king-real-estate.com\\\/fr\\\/?s={search_term_string}\"},\"query-input\":{\"@type\":\"PropertyValueSpecification\",\"valueRequired\":true,\"valueName\":\"search_term_string\"}}],\"inLanguage\":\"fr-FR\"},{\"@type\":\"Organization\",\"@id\":\"https:\\\/\\\/riviera-king-real-estate.com\\\/fr\\\/#organization\",\"name\":\"Riviera King - AKORIMMO\",\"url\":\"https:\\\/\\\/riviera-king-real-estate.com\\\/fr\\\/\",\"logo\":{\"@type\":\"ImageObject\",\"inLanguage\":\"fr-FR\",\"@id\":\"https:\\\/\\\/riviera-king-real-estate.com\\\/fr\\\/#\\\/schema\\\/logo\\\/image\\\/\",\"url\":\"https:\\\/\\\/riviera-king-real-estate.com\\\/wp-content\\\/uploads\\\/2021\\\/06\\\/RivieraKing-Akorimmo_Logo_Blanc-1-scaled.jpg\",\"contentUrl\":\"https:\\\/\\\/riviera-king-real-estate.com\\\/wp-content\\\/uploads\\\/2021\\\/06\\\/RivieraKing-Akorimmo_Logo_Blanc-1-scaled.jpg\",\"width\":1400,\"height\":472,\"caption\":\"Riviera King - AKORIMMO\"},\"image\":{\"@id\":\"https:\\\/\\\/riviera-king-real-estate.com\\\/fr\\\/#\\\/schema\\\/logo\\\/image\\\/\"},\"sameAs\":[\"https:\\\/\\\/www.facebook.com\\\/RivieraKingFrance\",\"https:\\\/\\\/x.com\\\/riviera_king\",\"https:\\\/\\\/www.instagram.com\\\/riviera.king\\\/\"]}]}<\/script>\n<!-- \/ Yoast SEO Premium plugin. -->","yoast_head_json":{"title":"Explorer le pouvoir de l'art dans l'immobilier - Riviera King- Agence immobili\u00e8re","description":"Associer l'art et l'immobilier, deux milieux en apparence si oppos\u00e9s, pourrait sembler incongru. Et pourtant\u2026 D\u00e9couvrez la galerie d'artistes","robots":{"index":"index","follow":"follow","max-snippet":"max-snippet:-1","max-image-preview":"max-image-preview:large","max-video-preview":"max-video-preview:-1"},"canonical":"https:\/\/riviera-king-real-estate.com\/fr\/galerie\/","og_locale":"fr_FR","og_type":"article","og_title":"Galerie","og_description":"Associer l'art et l'immobilier, deux milieux en apparence si oppos\u00e9s, pourrait sembler incongru. Et pourtant\u2026 D\u00e9couvrez la galerie d'artistes","og_url":"https:\/\/riviera-king-real-estate.com\/fr\/galerie\/","og_site_name":"Riviera King- Agence immobili\u00e8re","article_publisher":"https:\/\/www.facebook.com\/RivieraKingFrance","article_modified_time":"2024-08-10T14:54:57+00:00","twitter_card":"summary_large_image","twitter_site":"@riviera_king","twitter_misc":{"Dur\u00e9e de lecture estim\u00e9e":"2 minutes"},"schema":{"@context":"https:\/\/schema.org","@graph":[{"@type":"WebPage","@id":"https:\/\/riviera-king-real-estate.com\/fr\/galerie\/","url":"https:\/\/riviera-king-real-estate.com\/fr\/galerie\/","name":"Explorer le pouvoir de l'art dans l'immobilier - Riviera King- Agence immobili\u00e8re","isPartOf":{"@id":"https:\/\/riviera-king-real-estate.com\/fr\/#website"},"datePublished":"2022-02-03T09:51:06+00:00","dateModified":"2024-08-10T14:54:57+00:00","description":"Associer l'art et l'immobilier, deux milieux en apparence si oppos\u00e9s, pourrait sembler incongru. Et pourtant\u2026 D\u00e9couvrez la galerie d'artistes","breadcrumb":{"@id":"https:\/\/riviera-king-real-estate.com\/fr\/galerie\/#breadcrumb"},"inLanguage":"fr-FR","potentialAction":[{"@type":"ReadAction","target":["https:\/\/riviera-king-real-estate.com\/fr\/galerie\/"]}]},{"@type":"BreadcrumbList","@id":"https:\/\/riviera-king-real-estate.com\/fr\/galerie\/#breadcrumb","itemListElement":[{"@type":"ListItem","position":1,"name":"Accueil","item":"https:\/\/riviera-king-real-estate.com\/fr\/"},{"@type":"ListItem","position":2,"name":"Galerie"}]},{"@type":"WebSite","@id":"https:\/\/riviera-king-real-estate.com\/fr\/#website","url":"https:\/\/riviera-king-real-estate.com\/fr\/","name":"Riviera King- Agence immobili\u00e8re","description":"immobilier Villefranche sur mer","publisher":{"@id":"https:\/\/riviera-king-real-estate.com\/fr\/#organization"},"potentialAction":[{"@type":"SearchAction","target":{"@type":"EntryPoint","urlTemplate":"https:\/\/riviera-king-real-estate.com\/fr\/?s={search_term_string}"},"query-input":{"@type":"PropertyValueSpecification","valueRequired":true,"valueName":"search_term_string"}}],"inLanguage":"fr-FR"},{"@type":"Organization","@id":"https:\/\/riviera-king-real-estate.com\/fr\/#organization","name":"Riviera King - AKORIMMO","url":"https:\/\/riviera-king-real-estate.com\/fr\/","logo":{"@type":"ImageObject","inLanguage":"fr-FR","@id":"https:\/\/riviera-king-real-estate.com\/fr\/#\/schema\/logo\/image\/","url":"https:\/\/riviera-king-real-estate.com\/wp-content\/uploads\/2021\/06\/RivieraKing-Akorimmo_Logo_Blanc-1-scaled.jpg","contentUrl":"https:\/\/riviera-king-real-estate.com\/wp-content\/uploads\/2021\/06\/RivieraKing-Akorimmo_Logo_Blanc-1-scaled.jpg","width":1400,"height":472,"caption":"Riviera King - AKORIMMO"},"image":{"@id":"https:\/\/riviera-king-real-estate.com\/fr\/#\/schema\/logo\/image\/"},"sameAs":["https:\/\/www.facebook.com\/RivieraKingFrance","https:\/\/x.com\/riviera_king","https:\/\/www.instagram.com\/riviera.king\/"]}]}},"_links":{"self":[{"href":"https:\/\/riviera-king-real-estate.com\/fr\/wp-json\/wp\/v2\/pages\/272570","targetHints":{"allow":["GET"]}}],"collection":[{"href":"https:\/\/riviera-king-real-estate.com\/fr\/wp-json\/wp\/v2\/pages"}],"about":[{"href":"https:\/\/riviera-king-real-estate.com\/fr\/wp-json\/wp\/v2\/types\/page"}],"author":[{"embeddable":true,"href":"https:\/\/riviera-king-real-estate.com\/fr\/wp-json\/wp\/v2\/users\/1"}],"replies":[{"embeddable":true,"href":"https:\/\/riviera-king-real-estate.com\/fr\/wp-json\/wp\/v2\/comments?post=272570"}],"version-history":[{"count":0,"href":"https:\/\/riviera-king-real-estate.com\/fr\/wp-json\/wp\/v2\/pages\/272570\/revisions"}],"wp:attachment":[{"href":"https:\/\/riviera-king-real-estate.com\/fr\/wp-json\/wp\/v2\/media?parent=272570"}],"curies":[{"name":"wp","href":"https:\/\/api.w.org\/{rel}","templated":true}]}}