{"id":293202,"date":"2022-02-20T13:31:42","date_gmt":"2022-02-20T12:31:42","guid":{"rendered":"https:\/\/riviera-king-real-estate.com\/?page_id=293202"},"modified":"2023-06-06T15:24:05","modified_gmt":"2023-06-06T13:24:05","slug":"immobilier-a-st-jean-cap-ferrat","status":"publish","type":"page","link":"https:\/\/riviera-king-real-estate.com\/fr\/immobilier-a-st-jean-cap-ferrat\/","title":{"rendered":"Immobilier \u00e0 St Jean cap Ferrat"},"content":{"rendered":"<div class=\"vc_row wpb_row vc_row-fluid\"><div class=\"wpb_column vc_column_container vc_col-sm-12\"><div class=\"vc_column-inner\"><div class=\"wpb_wrapper\"><div class=\"gel-heading gel-heading-style-02 text-center has-line-separator\">\n\t\t<h1 class=\"gel-heading-title\">\n\t\tImmobilier \u00e0 St Jean cap Ferrat\t<\/h1>\n\t\t\t<div class=\"gel-heading-separate\">\n\t\t<\/div>\n\t<\/div><\/div><\/div><\/div><\/div><div class=\"vc_row wpb_row vc_row-fluid vc_custom_1645029187423\"><div class=\"wpb_column vc_column_container vc_col-sm-12\"><div class=\"vc_column-inner\"><div class=\"wpb_wrapper\"><div class=\"g5element__properties\" >\n\t\t<div data-items-wrapper=\"69f3484a66a63\" class=\"g5ere__listing-wrap g5ere__property_layout-grid\">\n\t\t\n\t\t<div data-items-container class=\"g5ere__listing-inner row g5core__gutter-30\">\n\t\t\t<article class=\"g5core__gutter-item g5ere__property-item g5ere__property-skin-01 g5ere__property-item-1 g5ere__property-item-featured col-xl-6 col-lg-6 col-md-6 col-sm-12 col-12 g5ere__has-image-featured g5ere__loop-skin-classic post-1440528 property type-property status-publish has-post-thumbnail hentry property-type-appartement property-status-vente property-feature-garage property-city-saint-jean-cap-ferrat property-neighborhood-saint-jean-cap-ferrat property-neighborhood-autres\" data-id=\"1440528\" data-location=\"{&quot;id&quot;:1440528,&quot;title&quot;:&quot;Appartement T2 &#8211; Terrasse et Garage &#8211; Port de St Jean Cap Ferrat&quot;,&quot;position&quot;:{&quot;lat&quot;:&quot;43.68793&quot;,&quot;lng&quot;:&quot;7.33112&quot;},&quot;url&quot;:&quot;https:\\\/\\\/riviera-king-real-estate.com\\\/fr\\\/property\\\/appartement-t2-terrasse-et-garage-port-de-st-jean-cap-ferrat\\\/&quot;,&quot;thumb&quot;:&quot;https:\\\/\\\/riviera-king-real-estate.com\\\/wp-content\\\/uploads\\\/2025\\\/12\\\/c388518d2da3f9d1b2600c20ed72cd33_27be8c04ad_1920-original-1440528.jpg&quot;,&quot;marker&quot;:false,&quot;address&quot;:&quot;15 Avenue Denis Semeria&quot;}\">\n\t<div  class=\"g5ere__property-item-inner g5ere__loop-item-inner \">\n\t\t\t\t\t<div class=\"g5core__post-featured g5ere__property-featured\">\n\t\t\t\t            <a title=\"Appartement T2 &#8211; Terrasse et Garage &#8211; Port de St Jean Cap Ferrat\" style=\"background-image: url(https:\/\/riviera-king-real-estate.com\/wp-content\/uploads\/2025\/12\/c388518d2da3f9d1b2600c20ed72cd33_27be8c04ad_1920-original-1440528.jpg);\" class=\"g5core__entry-thumbnail g5core__embed-responsive g5core__image-size-1x1\" href=\"https:\/\/riviera-king-real-estate.com\/fr\/property\/appartement-t2-terrasse-et-garage-port-de-st-jean-cap-ferrat\/\">\n            <\/a>\n\t\t\t\t\t\t\t<div class=\"g5ere__loop-property-actions\">\n\t<a data-toggle=\"tooltip\" title=\"(7) Photos\" class=\"g5ere__view-gallery\" data-g5core-mfp data-gallery=\"[&quot;https:\\\/\\\/riviera-king-real-estate.com\\\/wp-content\\\/uploads\\\/2025\\\/12\\\/c388518d2da3f9d1b2600c20ed72cd33_27be8c04ad_1920-original-1440528.jpg&quot;,&quot;https:\\\/\\\/riviera-king-real-estate.com\\\/wp-content\\\/uploads\\\/2025\\\/12\\\/4ae297032f3678d72bd76c184d22d4fa_49435e7a07_1024-original-1440528.jpg&quot;,&quot;https:\\\/\\\/riviera-king-real-estate.com\\\/wp-content\\\/uploads\\\/2025\\\/12\\\/d5907a95bb998b6f56b4566179870116_7f9acc99d8_1024-original-1440528.jpg&quot;,&quot;https:\\\/\\\/riviera-king-real-estate.com\\\/wp-content\\\/uploads\\\/2025\\\/12\\\/d98d2a6e6012c14ff55ce078df34415c_9e52e83538_1024-original-1440528.jpg&quot;,&quot;https:\\\/\\\/riviera-king-real-estate.com\\\/wp-content\\\/uploads\\\/2025\\\/12\\\/2928298d4c5c4933609321bd7cfbf178_cda217a64c_1360-original-1440528.jpg&quot;,&quot;https:\\\/\\\/riviera-king-real-estate.com\\\/wp-content\\\/uploads\\\/2025\\\/12\\\/da234a490337d73d73b99e1d5e53fe30_0d372d8a61_1360-original-1440528.jpg&quot;,&quot;https:\\\/\\\/riviera-king-real-estate.com\\\/wp-content\\\/uploads\\\/2025\\\/12\\\/4191b4ba8522d2803c933e800532cbe9_0f9db4ea37_1920-original-1440528.jpg&quot;]\" href=\"#\"><i class=\"fal fa-images\"><\/i><\/a>\n<a href=\"javascript:void(0)\" class=\"property-favorite\" data-property-id=\"1440528\"\n   data-toggle=\"tooltip\"\n   title=\"Add to Favorite\" data-title-not-favorite=\"Add to Favorite\" data-title-favorited=\"It is my favorite\" data-icon-not-favorite=\"fal fa-star\" data-icon-favorited=\"fas fa-star\"><i\n\t\t\tclass=\"fal fa-star\"><\/i><\/a><a class=\"compare-property\" href=\"javascript:void(0)\"\n   data-property-id=\"1440528\" data-toggle=\"tooltip\"\n   title=\"Compare\">\n\t<i class=\"fa fa-plus\"><\/i>\n<\/a><\/div>\n<div class=\"g5ere__loop-property-badge\">\n\t\t\t<span class=\"g5ere__property-badge g5ere__featured\">\n\tFeatured<\/span>\n\t\t\t\t\t<span style=\"background-color: #888\" class=\"g5ere__property-badge g5ere__status  vente\">\n\t\tVente\t<\/span>\n\t<\/div>\n\t\t\t<\/div>\n\t\t\t\t<div class=\"g5ere__property-content g5ere__loop-content\">\n\t\t\t<h3 class=\"g5ere__loop-property-title\">\n    <a title=\"Appartement T2 &#8211; Terrasse et Garage &#8211; Port de St Jean Cap Ferrat\"\n       href=\"https:\/\/riviera-king-real-estate.com\/fr\/property\/appartement-t2-terrasse-et-garage-port-de-st-jean-cap-ferrat\/\">Appartement T2 &#8211; Terrasse et Garage &#8211; Port de St Jean Cap Ferrat<\/a>\n<\/h3>\n<div class=\"g5ere__loop-property-address\">\n\t<a title=\"15 Avenue Denis Semeria\" target=\"_blank\" href=\"\/\/maps.google.com\/?q=15%20Avenue%20Denis%20Semeria\">15 Avenue Denis Semeria<\/a>\n<\/div>\n\t<span class=\"g5ere__loop-property-price\">\n\t\t\t\t<span class=\"g5ere__lpp-price\">670,000\u20ac<\/span>\n\t\t\t<\/span>\n<ul class=\"g5ere__loop-property-meta\">\n\t\t\t<li class=\"bedrooms\" data-toggle=\"tooltip\" title=\"Bedrooms\">\n\t\t\t\t\t\t\t<i class=\"svg-icon svg-icon-g5ere_bed\"><\/i>\t\t\t\t\t\t<span class=\"g5ere__property-bedrooms\">0 Br<\/span>\n\t\t<\/li>\n\t\t\t\t\t\t\t<li class=\"bathrooms\" data-toggle=\"tooltip\" title=\"Bathrooms\">\n\t\t\t\t\t\t\t<i class=\"svg-icon svg-icon-g5ere_bath\"><\/i>\t\t\t\t\t\t<span class=\"g5ere__loop-property-bathrooms\">1 Ba<\/span>\n\t\t<\/li>\n\t\t\t\t\t\t\t<li class=\"size\" data-toggle=\"tooltip\" title=\"Size\">\n\t\t\t\t\t\t\t<i class=\"svg-icon svg-icon-g5ere_house-plan\"><\/i>\t\t\t\t\t\t<span class=\"g5ere__loop-property-size\">55.66 m<sup>2<\/sup><\/span>\n\t\t<\/li>\n\t\t\t\t\t<\/ul>\n\t\t<\/div>\n\t<\/div>\n<\/article>\n\t\t<\/div>\n\n\n\t\t\t<\/div>\n<\/div>\n<\/div><\/div><\/div><\/div><div class=\"vc_row wpb_row vc_row-fluid\"><div class=\"wpb_column vc_column_container vc_col-sm-12\"><div class=\"vc_column-inner\"><div class=\"wpb_wrapper\">\n\t<div class=\"wpb_text_column wpb_content_element \" >\n\t\t<div class=\"wpb_wrapper\">\n\t\t\t<p>\u00c0 la recherche d&rsquo;un bien immobilier d&rsquo;exception \u00e0 Saint-Jean-Cap-Ferrat ? D\u00e9couvrez notre agence sp\u00e9cialis\u00e9e dans l&rsquo;immobilier de luxe dans cette destination pris\u00e9e de la C\u00f4te d&rsquo;Azur. Avec ses vues panoramiques sur la M\u00e9diterran\u00e9e, ses villas de prestige, ses appartements haut de gamme et son charme envo\u00fbtant, Saint-Jean-Cap-Ferrat offre un cadre de vie idyllique.<\/p>\n<p>Explorez notre s\u00e9lection exclusive de propri\u00e9t\u00e9s \u00e0 vendre \u00e0 Saint-Jean-Cap-Ferrat, allant des somptueuses villas contemporaines aux appartements de standing. B\u00e9n\u00e9ficiez de l&rsquo;\u00e9l\u00e9gance intemporelle de cette presqu&rsquo;\u00eele, de ses plages de renomm\u00e9e, de ses jardins luxuriants et de son ambiance m\u00e9diterran\u00e9enne unique.<\/p>\n<p>Que vous recherchiez une r\u00e9sidence principale, une maison de vacances ou un investissement immobilier, notre \u00e9quipe d&rsquo;experts est l\u00e0 pour vous accompagner. Profitez du style de vie privil\u00e9gi\u00e9 de Saint-Jean-Cap-Ferrat, \u00e0 proximit\u00e9 de Nice et de Monaco, et laissez-nous vous guider vers la propri\u00e9t\u00e9 de vos r\u00eaves.<\/p>\n<p>Contactez-nous d\u00e8s maintenant pour d\u00e9couvrir les opportunit\u00e9s immobili\u00e8res uniques \u00e0 Saint-Jean-Cap-Ferrat et r\u00e9aliser votre projet dans ce cadre enchanteur de la C\u00f4te d&rsquo;Azur.<\/p>\n\n\t\t<\/div>\n\t<\/div>\n<\/div><\/div><\/div><\/div>\n","protected":false},"excerpt":{"rendered":"RETOUR \u00c0 LA VENTE \u2013 OPPORTUNIT\u00c9 RARE \u00c0 seulement quelques pas du centre-ville, du port et des plages de Saint-Jean-Cap-Ferrat, d\u00e9couvrez ce superbe appartement de 56 m\u00b2, une v\u00e9ritable raret\u00e9 sur le march\u00e9. Son emplacement privil\u00e9gi\u00e9 et son fort potentiel s\u00e9duiront tous ceux en qu\u00eate d\u2019un cadre de vie d\u2019exception. L\u2019appartement se compose d\u2019une entr\u00e9e, [...]","protected":false},"author":1,"featured_media":0,"parent":0,"menu_order":0,"comment_status":"closed","ping_status":"closed","template":"","meta":{"footnotes":""},"class_list":["post-293202","page","type-page","status-publish","hentry"],"acf":[],"yoast_head":"<!-- This site is optimized with the Yoast SEO Premium plugin v23.8 (Yoast SEO v27.5) - https:\/\/yoast.com\/product\/yoast-seo-premium-wordpress\/ -->\n<title>Immobilier \u00e0 St Jean cap Ferrat - Riviera King- Agence immobili\u00e8re<\/title>\n<meta name=\"description\" content=\"D\u00e9couvrez l&#039;immobilier d&#039;exception \u00e0 Saint-Jean-Cap-Ferrat, l&#039;une des perles de la C\u00f4te d&#039;Azur. Plongez dans un cadre idyllique o\u00f9 mer et nature se rejoignent harmonieusement. Notre agence immobili\u00e8re sp\u00e9cialis\u00e9e vous propose une s\u00e9lection exclusive de propri\u00e9t\u00e9s de luxe offrant des vues imprenables sur la M\u00e9diterran\u00e9e et des jardins exquis. Trouvez votre r\u00e9sidence de r\u00eave parmi nos villas somptueuses, appartements \u00e9l\u00e9gants et maisons de caract\u00e8re. B\u00e9n\u00e9ficiez d&#039;un style de vie privil\u00e9gi\u00e9, entre plages de sable fin, criques isol\u00e9es et promenades en bord de mer. Contactez-nous d\u00e8s maintenant pour concr\u00e9tiser votre projet immobilier \u00e0 Saint-Jean-Cap-Ferrat et profiter de cette destination prestigieuse de la C\u00f4te d&#039;Azur.\" \/>\n<meta name=\"robots\" content=\"index, follow, max-snippet:-1, max-image-preview:large, max-video-preview:-1\" \/>\n<link rel=\"canonical\" href=\"https:\/\/riviera-king-real-estate.com\/fr\/immobiliare-a-st-jean-cap-ferrat\/\" \/>\n<meta property=\"og:locale\" content=\"fr_FR\" \/>\n<meta property=\"og:type\" content=\"article\" \/>\n<meta property=\"og:title\" content=\"Immobilier \u00e0 St Jean cap Ferrat\" \/>\n<meta property=\"og:description\" content=\"D\u00e9couvrez l&#039;immobilier d&#039;exception \u00e0 Saint-Jean-Cap-Ferrat, l&#039;une des perles de la C\u00f4te d&#039;Azur. Plongez dans un cadre idyllique o\u00f9 mer et nature se rejoignent harmonieusement. Notre agence immobili\u00e8re sp\u00e9cialis\u00e9e vous propose une s\u00e9lection exclusive de propri\u00e9t\u00e9s de luxe offrant des vues imprenables sur la M\u00e9diterran\u00e9e et des jardins exquis. Trouvez votre r\u00e9sidence de r\u00eave parmi nos villas somptueuses, appartements \u00e9l\u00e9gants et maisons de caract\u00e8re. B\u00e9n\u00e9ficiez d&#039;un style de vie privil\u00e9gi\u00e9, entre plages de sable fin, criques isol\u00e9es et promenades en bord de mer. Contactez-nous d\u00e8s maintenant pour concr\u00e9tiser votre projet immobilier \u00e0 Saint-Jean-Cap-Ferrat et profiter de cette destination prestigieuse de la C\u00f4te d&#039;Azur.\" \/>\n<meta property=\"og:url\" content=\"https:\/\/riviera-king-real-estate.com\/fr\/immobiliare-a-st-jean-cap-ferrat\/\" \/>\n<meta property=\"og:site_name\" content=\"Riviera King- Agence immobili\u00e8re\" \/>\n<meta property=\"article:publisher\" content=\"https:\/\/www.facebook.com\/RivieraKingFrance\" \/>\n<meta property=\"article:modified_time\" content=\"2023-06-06T13:24:05+00:00\" \/>\n<meta name=\"twitter:card\" content=\"summary_large_image\" \/>\n<meta name=\"twitter:site\" content=\"@riviera_king\" \/>\n<meta name=\"twitter:label1\" content=\"Dur\u00e9e de lecture estim\u00e9e\" \/>\n\t<meta name=\"twitter:data1\" content=\"1 minute\" \/>\n<script type=\"application\/ld+json\" class=\"yoast-schema-graph\">{\"@context\":\"https:\\\/\\\/schema.org\",\"@graph\":[{\"@type\":\"WebPage\",\"@id\":\"https:\\\/\\\/riviera-king-real-estate.com\\\/it\\\/immobiliare-a-st-jean-cap-ferrat\\\/\",\"url\":\"https:\\\/\\\/riviera-king-real-estate.com\\\/it\\\/immobiliare-a-st-jean-cap-ferrat\\\/\",\"name\":\"Immobilier \u00e0 St Jean cap Ferrat - Riviera King- Agence immobili\u00e8re\",\"isPartOf\":{\"@id\":\"https:\\\/\\\/riviera-king-real-estate.com\\\/fr\\\/#website\"},\"datePublished\":\"2022-02-20T12:31:42+00:00\",\"dateModified\":\"2023-06-06T13:24:05+00:00\",\"description\":\"D\u00e9couvrez l'immobilier d'exception \u00e0 Saint-Jean-Cap-Ferrat, l'une des perles de la C\u00f4te d'Azur. Plongez dans un cadre idyllique o\u00f9 mer et nature se rejoignent harmonieusement. Notre agence immobili\u00e8re sp\u00e9cialis\u00e9e vous propose une s\u00e9lection exclusive de propri\u00e9t\u00e9s de luxe offrant des vues imprenables sur la M\u00e9diterran\u00e9e et des jardins exquis. Trouvez votre r\u00e9sidence de r\u00eave parmi nos villas somptueuses, appartements \u00e9l\u00e9gants et maisons de caract\u00e8re. B\u00e9n\u00e9ficiez d'un style de vie privil\u00e9gi\u00e9, entre plages de sable fin, criques isol\u00e9es et promenades en bord de mer. Contactez-nous d\u00e8s maintenant pour concr\u00e9tiser votre projet immobilier \u00e0 Saint-Jean-Cap-Ferrat et profiter de cette destination prestigieuse de la C\u00f4te d'Azur.\",\"breadcrumb\":{\"@id\":\"https:\\\/\\\/riviera-king-real-estate.com\\\/it\\\/immobiliare-a-st-jean-cap-ferrat\\\/#breadcrumb\"},\"inLanguage\":\"fr-FR\",\"potentialAction\":[{\"@type\":\"ReadAction\",\"target\":[\"https:\\\/\\\/riviera-king-real-estate.com\\\/it\\\/immobiliare-a-st-jean-cap-ferrat\\\/\"]}]},{\"@type\":\"BreadcrumbList\",\"@id\":\"https:\\\/\\\/riviera-king-real-estate.com\\\/it\\\/immobiliare-a-st-jean-cap-ferrat\\\/#breadcrumb\",\"itemListElement\":[{\"@type\":\"ListItem\",\"position\":1,\"name\":\"Accueil\",\"item\":\"https:\\\/\\\/riviera-king-real-estate.com\\\/fr\\\/\"},{\"@type\":\"ListItem\",\"position\":2,\"name\":\"Immobilier \u00e0 St Jean cap Ferrat\"}]},{\"@type\":\"WebSite\",\"@id\":\"https:\\\/\\\/riviera-king-real-estate.com\\\/fr\\\/#website\",\"url\":\"https:\\\/\\\/riviera-king-real-estate.com\\\/fr\\\/\",\"name\":\"Riviera King- Agence immobili\u00e8re\",\"description\":\"immobilier Villefranche sur mer\",\"publisher\":{\"@id\":\"https:\\\/\\\/riviera-king-real-estate.com\\\/fr\\\/#organization\"},\"potentialAction\":[{\"@type\":\"SearchAction\",\"target\":{\"@type\":\"EntryPoint\",\"urlTemplate\":\"https:\\\/\\\/riviera-king-real-estate.com\\\/fr\\\/?s={search_term_string}\"},\"query-input\":{\"@type\":\"PropertyValueSpecification\",\"valueRequired\":true,\"valueName\":\"search_term_string\"}}],\"inLanguage\":\"fr-FR\"},{\"@type\":\"Organization\",\"@id\":\"https:\\\/\\\/riviera-king-real-estate.com\\\/fr\\\/#organization\",\"name\":\"Riviera King - AKORIMMO\",\"url\":\"https:\\\/\\\/riviera-king-real-estate.com\\\/fr\\\/\",\"logo\":{\"@type\":\"ImageObject\",\"inLanguage\":\"fr-FR\",\"@id\":\"https:\\\/\\\/riviera-king-real-estate.com\\\/fr\\\/#\\\/schema\\\/logo\\\/image\\\/\",\"url\":\"https:\\\/\\\/riviera-king-real-estate.com\\\/wp-content\\\/uploads\\\/2021\\\/06\\\/RivieraKing-Akorimmo_Logo_Blanc-1-scaled.jpg\",\"contentUrl\":\"https:\\\/\\\/riviera-king-real-estate.com\\\/wp-content\\\/uploads\\\/2021\\\/06\\\/RivieraKing-Akorimmo_Logo_Blanc-1-scaled.jpg\",\"width\":1400,\"height\":472,\"caption\":\"Riviera King - AKORIMMO\"},\"image\":{\"@id\":\"https:\\\/\\\/riviera-king-real-estate.com\\\/fr\\\/#\\\/schema\\\/logo\\\/image\\\/\"},\"sameAs\":[\"https:\\\/\\\/www.facebook.com\\\/RivieraKingFrance\",\"https:\\\/\\\/x.com\\\/riviera_king\",\"https:\\\/\\\/www.instagram.com\\\/riviera.king\\\/\"]}]}<\/script>\n<!-- \/ Yoast SEO Premium plugin. -->","yoast_head_json":{"title":"Immobilier \u00e0 St Jean cap Ferrat - Riviera King- Agence immobili\u00e8re","description":"D\u00e9couvrez l'immobilier d'exception \u00e0 Saint-Jean-Cap-Ferrat, l'une des perles de la C\u00f4te d'Azur. Plongez dans un cadre idyllique o\u00f9 mer et nature se rejoignent harmonieusement. Notre agence immobili\u00e8re sp\u00e9cialis\u00e9e vous propose une s\u00e9lection exclusive de propri\u00e9t\u00e9s de luxe offrant des vues imprenables sur la M\u00e9diterran\u00e9e et des jardins exquis. Trouvez votre r\u00e9sidence de r\u00eave parmi nos villas somptueuses, appartements \u00e9l\u00e9gants et maisons de caract\u00e8re. B\u00e9n\u00e9ficiez d'un style de vie privil\u00e9gi\u00e9, entre plages de sable fin, criques isol\u00e9es et promenades en bord de mer. Contactez-nous d\u00e8s maintenant pour concr\u00e9tiser votre projet immobilier \u00e0 Saint-Jean-Cap-Ferrat et profiter de cette destination prestigieuse de la C\u00f4te d'Azur.","robots":{"index":"index","follow":"follow","max-snippet":"max-snippet:-1","max-image-preview":"max-image-preview:large","max-video-preview":"max-video-preview:-1"},"canonical":"https:\/\/riviera-king-real-estate.com\/fr\/immobiliare-a-st-jean-cap-ferrat\/","og_locale":"fr_FR","og_type":"article","og_title":"Immobilier \u00e0 St Jean cap Ferrat","og_description":"D\u00e9couvrez l'immobilier d'exception \u00e0 Saint-Jean-Cap-Ferrat, l'une des perles de la C\u00f4te d'Azur. Plongez dans un cadre idyllique o\u00f9 mer et nature se rejoignent harmonieusement. Notre agence immobili\u00e8re sp\u00e9cialis\u00e9e vous propose une s\u00e9lection exclusive de propri\u00e9t\u00e9s de luxe offrant des vues imprenables sur la M\u00e9diterran\u00e9e et des jardins exquis. Trouvez votre r\u00e9sidence de r\u00eave parmi nos villas somptueuses, appartements \u00e9l\u00e9gants et maisons de caract\u00e8re. B\u00e9n\u00e9ficiez d'un style de vie privil\u00e9gi\u00e9, entre plages de sable fin, criques isol\u00e9es et promenades en bord de mer. Contactez-nous d\u00e8s maintenant pour concr\u00e9tiser votre projet immobilier \u00e0 Saint-Jean-Cap-Ferrat et profiter de cette destination prestigieuse de la C\u00f4te d'Azur.","og_url":"https:\/\/riviera-king-real-estate.com\/fr\/immobiliare-a-st-jean-cap-ferrat\/","og_site_name":"Riviera King- Agence immobili\u00e8re","article_publisher":"https:\/\/www.facebook.com\/RivieraKingFrance","article_modified_time":"2023-06-06T13:24:05+00:00","twitter_card":"summary_large_image","twitter_site":"@riviera_king","twitter_misc":{"Dur\u00e9e de lecture estim\u00e9e":"1 minute"},"schema":{"@context":"https:\/\/schema.org","@graph":[{"@type":"WebPage","@id":"https:\/\/riviera-king-real-estate.com\/it\/immobiliare-a-st-jean-cap-ferrat\/","url":"https:\/\/riviera-king-real-estate.com\/it\/immobiliare-a-st-jean-cap-ferrat\/","name":"Immobilier \u00e0 St Jean cap Ferrat - Riviera King- Agence immobili\u00e8re","isPartOf":{"@id":"https:\/\/riviera-king-real-estate.com\/fr\/#website"},"datePublished":"2022-02-20T12:31:42+00:00","dateModified":"2023-06-06T13:24:05+00:00","description":"D\u00e9couvrez l'immobilier d'exception \u00e0 Saint-Jean-Cap-Ferrat, l'une des perles de la C\u00f4te d'Azur. Plongez dans un cadre idyllique o\u00f9 mer et nature se rejoignent harmonieusement. Notre agence immobili\u00e8re sp\u00e9cialis\u00e9e vous propose une s\u00e9lection exclusive de propri\u00e9t\u00e9s de luxe offrant des vues imprenables sur la M\u00e9diterran\u00e9e et des jardins exquis. Trouvez votre r\u00e9sidence de r\u00eave parmi nos villas somptueuses, appartements \u00e9l\u00e9gants et maisons de caract\u00e8re. B\u00e9n\u00e9ficiez d'un style de vie privil\u00e9gi\u00e9, entre plages de sable fin, criques isol\u00e9es et promenades en bord de mer. Contactez-nous d\u00e8s maintenant pour concr\u00e9tiser votre projet immobilier \u00e0 Saint-Jean-Cap-Ferrat et profiter de cette destination prestigieuse de la C\u00f4te d'Azur.","breadcrumb":{"@id":"https:\/\/riviera-king-real-estate.com\/it\/immobiliare-a-st-jean-cap-ferrat\/#breadcrumb"},"inLanguage":"fr-FR","potentialAction":[{"@type":"ReadAction","target":["https:\/\/riviera-king-real-estate.com\/it\/immobiliare-a-st-jean-cap-ferrat\/"]}]},{"@type":"BreadcrumbList","@id":"https:\/\/riviera-king-real-estate.com\/it\/immobiliare-a-st-jean-cap-ferrat\/#breadcrumb","itemListElement":[{"@type":"ListItem","position":1,"name":"Accueil","item":"https:\/\/riviera-king-real-estate.com\/fr\/"},{"@type":"ListItem","position":2,"name":"Immobilier \u00e0 St Jean cap Ferrat"}]},{"@type":"WebSite","@id":"https:\/\/riviera-king-real-estate.com\/fr\/#website","url":"https:\/\/riviera-king-real-estate.com\/fr\/","name":"Riviera King- Agence immobili\u00e8re","description":"immobilier Villefranche sur mer","publisher":{"@id":"https:\/\/riviera-king-real-estate.com\/fr\/#organization"},"potentialAction":[{"@type":"SearchAction","target":{"@type":"EntryPoint","urlTemplate":"https:\/\/riviera-king-real-estate.com\/fr\/?s={search_term_string}"},"query-input":{"@type":"PropertyValueSpecification","valueRequired":true,"valueName":"search_term_string"}}],"inLanguage":"fr-FR"},{"@type":"Organization","@id":"https:\/\/riviera-king-real-estate.com\/fr\/#organization","name":"Riviera King - AKORIMMO","url":"https:\/\/riviera-king-real-estate.com\/fr\/","logo":{"@type":"ImageObject","inLanguage":"fr-FR","@id":"https:\/\/riviera-king-real-estate.com\/fr\/#\/schema\/logo\/image\/","url":"https:\/\/riviera-king-real-estate.com\/wp-content\/uploads\/2021\/06\/RivieraKing-Akorimmo_Logo_Blanc-1-scaled.jpg","contentUrl":"https:\/\/riviera-king-real-estate.com\/wp-content\/uploads\/2021\/06\/RivieraKing-Akorimmo_Logo_Blanc-1-scaled.jpg","width":1400,"height":472,"caption":"Riviera King - AKORIMMO"},"image":{"@id":"https:\/\/riviera-king-real-estate.com\/fr\/#\/schema\/logo\/image\/"},"sameAs":["https:\/\/www.facebook.com\/RivieraKingFrance","https:\/\/x.com\/riviera_king","https:\/\/www.instagram.com\/riviera.king\/"]}]}},"_links":{"self":[{"href":"https:\/\/riviera-king-real-estate.com\/fr\/wp-json\/wp\/v2\/pages\/293202","targetHints":{"allow":["GET"]}}],"collection":[{"href":"https:\/\/riviera-king-real-estate.com\/fr\/wp-json\/wp\/v2\/pages"}],"about":[{"href":"https:\/\/riviera-king-real-estate.com\/fr\/wp-json\/wp\/v2\/types\/page"}],"author":[{"embeddable":true,"href":"https:\/\/riviera-king-real-estate.com\/fr\/wp-json\/wp\/v2\/users\/1"}],"replies":[{"embeddable":true,"href":"https:\/\/riviera-king-real-estate.com\/fr\/wp-json\/wp\/v2\/comments?post=293202"}],"version-history":[{"count":0,"href":"https:\/\/riviera-king-real-estate.com\/fr\/wp-json\/wp\/v2\/pages\/293202\/revisions"}],"wp:attachment":[{"href":"https:\/\/riviera-king-real-estate.com\/fr\/wp-json\/wp\/v2\/media?parent=293202"}],"curies":[{"name":"wp","href":"https:\/\/api.w.org\/{rel}","templated":true}]}}