{"id":231044,"date":"2021-08-19T21:06:17","date_gmt":"2021-08-19T19:06:17","guid":{"rendered":"https:\/\/riviera-king-real-estate.com\/?page_id=231044"},"modified":"2022-03-21T15:10:53","modified_gmt":"2022-03-21T14:10:53","slug":"exposition-du-1-octobre-2021-au-7-janvier-2022-artiste-peintre-anne-marie-torrisi","status":"publish","type":"page","link":"https:\/\/riviera-king-real-estate.com\/it\/mostra-dal-1-ottobre-2021-al-7-gennaio-2022-artista-pittrice-anne-marie-torrisi\/","title":{"rendered":"APERTURA VERNISSAGE-MOSTRE D&#039;ARTE"},"content":{"rendered":"<div class=\"vc_row wpb_row vc_row-fluid\"><div class=\"wpb_column vc_column_container vc_col-sm-12\"><div class=\"vc_column-inner\"><div class=\"wpb_wrapper\"><div class=\"gel-heading gel-heading-style-02 vc_custom_1645026514016 text-center\">\n\t\t\t<div class=\"gel-heading-subtitle\">La pittrice Anne-Marie Torrisi<\/div>\n\t\t<h1 class=\"gel-heading-title\">\n\t\tExhibition#2 - 1 OTT 2021 - 7 GEN 2022 - Ingresso gratuito \/ Ingresso gratuito\t<\/h1>\n\t<\/div>\n\t<div  class=\"wpb_single_image wpb_content_element vc_align_center\">\n\t\t\n\t\t<figure class=\"wpb_wrapper vc_figure\">\n\t\t\t<div class=\"vc_single_image-wrapper   vc_box_border_grey\"><img loading=\"lazy\" decoding=\"async\" width=\"640\" height=\"446\" src=\"https:\/\/riviera-king-real-estate.com\/wp-content\/uploads\/2021\/08\/LOGO-ANNE-MARIE.jpeg\" class=\"vc_single_image-img attachment-full\" alt=\"\" \/><\/div>\n\t\t<\/figure>\n\t<\/div>\n<\/div><\/div><\/div><\/div><div class=\"vc_row wpb_row vc_row-fluid\"><div class=\"wpb_column vc_column_container vc_col-sm-12\"><div class=\"vc_column-inner\"><div class=\"wpb_wrapper\"><div class=\"gel-heading gel-heading-style-01 vc_custom_1645026489953 text-left\">\n\t\t<h2 class=\"gel-heading-title\">\n\t\t\u201cL&#039;arte \u00e8 libert\u00e0, la libert\u00e0 di creare, di portare felicit\u00e0, un mondo parallelo senza limiti di spazio o di tempo. \u00bb\t<\/h2>\n\t\t\t<p class=\"gel-heading-description\">Le opere figurative dell&#039;artista sono vibranti e dinamiche, piene di colore e di vita.<\/p>\n<p>Temi di pace, amore e vita quotidiana ispirano tutte le sue opere.<\/p>\n<p>Lavorando attraverso stili diversi e utilizzando un mix di materiali e tecniche, i suoi pezzi sono strutturati ed evocano la personalit\u00e0 dei loro soggetti. Anne-Marie ha esposto le sue opere premiate in tutta Europa.<\/p>\n\t<\/div><div class=\"gel-heading gel-heading-style-01 vc_custom_1645027190276 text-left\">\n\t\t<h2 class=\"gel-heading-title\">\n\t\t\u201cL&#039;arte \u00e8 libert\u00e0, libert\u00e0 di creare, di portare felicit\u00e0, un mondo parallelo senza spazio n\u00e9 tempo. \u00bb\t<\/h2>\n\t<\/div><\/div><\/div><\/div><\/div><div class=\"vc_row wpb_row vc_row-fluid vc_row-o-equal-height vc_row-o-content-middle vc_row-flex\"><div class=\"wpb_column vc_column_container vc_col-sm-6\"><div class=\"vc_column-inner\"><div class=\"wpb_wrapper\">    <div class=\"gel-banner gel-banner-style-02 gel-69f5980f8266a\">\n        <div class=\"gel-effect-bg-image gel-banner-effect\">\n            <div class=\"gel-banner-bg gel-effect-content\">\n                            <\/div>\n        <\/div>\n                    <div class=\"gel-banner-content\">\n\t                                                        <\/div>\n            <\/div>\n<\/div><\/div><\/div><div class=\"wpb_column vc_column_container vc_col-sm-6\"><div class=\"vc_column-inner\"><div class=\"wpb_wrapper\">    <div class=\"gel-banner gel-banner-style-03 gel-69f5980f82a9f\">\n        <div class=\"gel-effect-bg-image gel-banner-effect\">\n            <div class=\"gel-banner-bg gel-effect-content\">\n                <a href=\"https:\/\/www.annemarietorrisi.com\/\"><\/a>            <\/div>\n        <\/div>\n                    <div class=\"gel-banner-content\">\n\t                                                        <\/div>\n            <\/div>\n<\/div><\/div><\/div><\/div><div class=\"vc_row wpb_row vc_row-fluid vc_custom_1645026818020 vc_row-o-equal-height vc_row-o-content-middle vc_row-flex\"><div class=\"wpb_column vc_column_container vc_col-sm-6\"><div class=\"vc_column-inner\"><div class=\"wpb_wrapper\"><div class=\"gel-heading gel-heading-style-01 text-left\">\n\t\t<h2 class=\"gel-heading-title\">\n\t\tIL REGALO DALL&#039;OLTRE\t<\/h2>\n\t\t\t<p class=\"gel-heading-description\">Quando il destino sembra tutto tracciato e all&#039;improvviso prende una svolta inaspettata\u2026\u2026.<\/p>\n<p>Quando il destino sembra tracciato e poi improvvisamente prende una svolta inaspettata\u2026\u2026.<\/p>\n<p>Il libro autobiografico racconta il viaggio e gli eventi che hanno condotto l&#039;artista a canalizzare questa passione.<\/p>\n<p>Questo libro autobiografico ci racconta il viaggio e gli eventi che l&#039;hanno condotta attraverso la medianit\u00e0 a questa passione.<\/p>\n\t<\/div><\/div><\/div><\/div><div class=\"wpb_column vc_column_container vc_col-sm-6\"><div class=\"vc_column-inner\"><div class=\"wpb_wrapper\">\n\t<div  class=\"wpb_single_image wpb_content_element vc_align_center\">\n\t\t\n\t\t<figure class=\"wpb_wrapper vc_figure\">\n\t\t\t<div class=\"vc_single_image-wrapper   vc_box_border_grey\"><img loading=\"lazy\" decoding=\"async\" width=\"232\" height=\"300\" src=\"https:\/\/riviera-king-real-estate.com\/wp-content\/uploads\/2021\/08\/book.jpeg\" class=\"vc_single_image-img attachment-medium\" alt=\"\" \/><\/div>\n\t\t<\/figure>\n\t<\/div>\n<\/div><\/div><\/div><\/div><div class=\"vc_row wpb_row vc_row-fluid vc_custom_1645026425759\"><div class=\"wpb_column vc_column_container vc_col-sm-12\"><div class=\"vc_column-inner\"><div class=\"wpb_wrapper\"><div class=\"g5element__gallery g5element__gallery-grid\" >\n\t\t\t<div data-items-container class=\"g5element__gallery-inner row g5core__gutter-30\">\n\t\t\t<div class=\"g5core__gutter-item g5element__gallery-item col-xl-4 col-lg-4 col-md-4 col-sm-4 col-6\">\n    <div class=\"g5element__gallery-item-inner\" >\n            <div class=\"g5core__post-featured\">\n                <div style=\"background-image: url(https:\/\/riviera-king-real-estate.com\/wp-content\/uploads\/2021\/08\/IMG_6549-1-scaled.jpg);\" class=\"g5core__entry-thumbnail g5core__embed-responsive g5core__image-size-1x1\"><\/div>\n                            <a data-g5core-mfp data-gallery-id=\"69f5980f8380a\" href=\"https:\/\/riviera-king-real-estate.com\/wp-content\/uploads\/2021\/08\/IMG_6549-1-scaled.jpg\"  class=\"g5core__zoom-image\"><i class=\"fas fa-expand\"><\/i><\/a>\n            <\/div>\n        <\/div>\n<\/div>\n<div class=\"g5core__gutter-item g5element__gallery-item col-xl-4 col-lg-4 col-md-4 col-sm-4 col-6\">\n    <div class=\"g5element__gallery-item-inner\" >\n            <div class=\"g5core__post-featured\">\n                <div style=\"background-image: url(https:\/\/riviera-king-real-estate.com\/wp-content\/uploads\/2021\/08\/IMG_5501-1-scaled.jpg);\" class=\"g5core__entry-thumbnail g5core__embed-responsive g5core__image-size-1x1\"><\/div>\n                            <a data-g5core-mfp data-gallery-id=\"69f5980f8380a\" href=\"https:\/\/riviera-king-real-estate.com\/wp-content\/uploads\/2021\/08\/IMG_5501-1-scaled.jpg\"  class=\"g5core__zoom-image\"><i class=\"fas fa-expand\"><\/i><\/a>\n            <\/div>\n        <\/div>\n<\/div>\n<div class=\"g5core__gutter-item g5element__gallery-item col-xl-4 col-lg-4 col-md-4 col-sm-4 col-6\">\n    <div class=\"g5element__gallery-item-inner\" >\n            <div class=\"g5core__post-featured\">\n                <div style=\"background-image: url(https:\/\/riviera-king-real-estate.com\/wp-content\/uploads\/2021\/08\/IMG_5208-scaled.jpg);\" class=\"g5core__entry-thumbnail g5core__embed-responsive g5core__image-size-1x1\"><\/div>\n                            <a data-g5core-mfp data-gallery-id=\"69f5980f8380a\" href=\"https:\/\/riviera-king-real-estate.com\/wp-content\/uploads\/2021\/08\/IMG_5208-scaled.jpg\"  class=\"g5core__zoom-image\"><i class=\"fas fa-expand\"><\/i><\/a>\n            <\/div>\n        <\/div>\n<\/div>\n<div class=\"g5core__gutter-item g5element__gallery-item col-xl-4 col-lg-4 col-md-4 col-sm-4 col-6\">\n    <div class=\"g5element__gallery-item-inner\" >\n            <div class=\"g5core__post-featured\">\n                <div style=\"background-image: url(https:\/\/riviera-king-real-estate.com\/wp-content\/uploads\/2021\/08\/IMG_6802-scaled.jpg);\" class=\"g5core__entry-thumbnail g5core__embed-responsive g5core__image-size-1x1\"><\/div>\n                            <a data-g5core-mfp data-gallery-id=\"69f5980f8380a\" href=\"https:\/\/riviera-king-real-estate.com\/wp-content\/uploads\/2021\/08\/IMG_6802-scaled.jpg\"  class=\"g5core__zoom-image\"><i class=\"fas fa-expand\"><\/i><\/a>\n            <\/div>\n        <\/div>\n<\/div>\n<div class=\"g5core__gutter-item g5element__gallery-item col-xl-4 col-lg-4 col-md-4 col-sm-4 col-6\">\n    <div class=\"g5element__gallery-item-inner\" >\n            <div class=\"g5core__post-featured\">\n                <div style=\"background-image: url(https:\/\/riviera-king-real-estate.com\/wp-content\/uploads\/2021\/08\/IMG_2706-scaled.jpg);\" class=\"g5core__entry-thumbnail g5core__embed-responsive g5core__image-size-1x1\"><\/div>\n                            <a data-g5core-mfp data-gallery-id=\"69f5980f8380a\" href=\"https:\/\/riviera-king-real-estate.com\/wp-content\/uploads\/2021\/08\/IMG_2706-scaled.jpg\"  class=\"g5core__zoom-image\"><i class=\"fas fa-expand\"><\/i><\/a>\n            <\/div>\n        <\/div>\n<\/div>\n<div class=\"g5core__gutter-item g5element__gallery-item col-xl-4 col-lg-4 col-md-4 col-sm-4 col-6\">\n    <div class=\"g5element__gallery-item-inner\" >\n            <div class=\"g5core__post-featured\">\n                <div style=\"background-image: url(https:\/\/riviera-king-real-estate.com\/wp-content\/uploads\/2021\/08\/IMG_1534-scaled.jpg);\" class=\"g5core__entry-thumbnail g5core__embed-responsive g5core__image-size-1x1\"><\/div>\n                            <a data-g5core-mfp data-gallery-id=\"69f5980f8380a\" href=\"https:\/\/riviera-king-real-estate.com\/wp-content\/uploads\/2021\/08\/IMG_1534-scaled.jpg\"  class=\"g5core__zoom-image\"><i class=\"fas fa-expand\"><\/i><\/a>\n            <\/div>\n        <\/div>\n<\/div>\n\t\t<\/div>\n\t<\/div>\n\n\n<\/div><\/div><\/div><\/div>","protected":false},"excerpt":{"rendered":"Artiste Peintre Anne-Marie Torrisi Exposition#2 - 1 OCT 2021 - 7 JAN 2022 - Entr\u00e9e Libre \/ Free Entry \u00ab Art is freedom, the freedom to create, to bring happiness, a parallel world unrestricted by space or time. \u00bb The artisits figurative works are vibrant and dynamic, full of color and life. Themes of peace, [...]","protected":false},"author":1,"featured_media":0,"parent":0,"menu_order":0,"comment_status":"closed","ping_status":"closed","template":"","meta":{"footnotes":""},"class_list":["post-231044","page","type-page","status-publish","hentry"],"acf":[],"yoast_head":"<!-- This site is optimized with the Yoast SEO Premium plugin v23.8 (Yoast SEO v27.5) - https:\/\/yoast.com\/product\/yoast-seo-premium-wordpress\/ -->\n<title>VERNISSAGE-ART EXPOSITION OPENING - Riviera King- Agence immobili\u00e8re<\/title>\n<meta name=\"description\" content=\"Anne-Marie Torrisi exposes her figurative works described as vibrant and dynamic, full of color and life. Themes of peace, love and everyday life inspire all of her works.Working through different styles and using a mix of materials and techniques, her pieces are textured and evoke the personality of their subjects. Anne-Marie has exhibited her award- winning works across Europe.\" \/>\n<meta name=\"robots\" content=\"index, follow, max-snippet:-1, max-image-preview:large, max-video-preview:-1\" \/>\n<link rel=\"canonical\" href=\"https:\/\/riviera-king-real-estate.com\/it\/mostra-dal-1-ottobre-2021-al-7-gennaio-2022-artista-pittrice-anne-marie-torrisi\/\" \/>\n<meta property=\"og:locale\" content=\"it_IT\" \/>\n<meta property=\"og:type\" content=\"article\" \/>\n<meta property=\"og:title\" content=\"VERNISSAGE-ART EXPOSITION OPENING\" \/>\n<meta property=\"og:description\" content=\"Anne-Marie Torrisi exposes her figurative works described as vibrant and dynamic, full of color and life. Themes of peace, love and everyday life inspire all of her works.Working through different styles and using a mix of materials and techniques, her pieces are textured and evoke the personality of their subjects. Anne-Marie has exhibited her award- winning works across Europe.\" \/>\n<meta property=\"og:url\" content=\"https:\/\/riviera-king-real-estate.com\/it\/mostra-dal-1-ottobre-2021-al-7-gennaio-2022-artista-pittrice-anne-marie-torrisi\/\" \/>\n<meta property=\"og:site_name\" content=\"Riviera King- Agence immobili\u00e8re\" \/>\n<meta property=\"article:publisher\" content=\"https:\/\/www.facebook.com\/RivieraKingFrance\" \/>\n<meta property=\"article:modified_time\" content=\"2022-03-21T14:10:53+00:00\" \/>\n<meta name=\"twitter:card\" content=\"summary_large_image\" \/>\n<meta name=\"twitter:site\" content=\"@riviera_king\" \/>\n<meta name=\"twitter:label1\" content=\"Tempo di lettura stimato\" \/>\n\t<meta name=\"twitter:data1\" content=\"2 minuti\" \/>\n<script type=\"application\/ld+json\" class=\"yoast-schema-graph\">{\"@context\":\"https:\\\/\\\/schema.org\",\"@graph\":[{\"@type\":\"WebPage\",\"@id\":\"https:\\\/\\\/riviera-king-real-estate.com\\\/exposition-du-1-octobre-2021-au-7-janvier-2022-artiste-peintre-anne-marie-torrisi\\\/\",\"url\":\"https:\\\/\\\/riviera-king-real-estate.com\\\/exposition-du-1-octobre-2021-au-7-janvier-2022-artiste-peintre-anne-marie-torrisi\\\/\",\"name\":\"VERNISSAGE-ART EXPOSITION OPENING - Riviera King- Agence immobili\u00e8re\",\"isPartOf\":{\"@id\":\"https:\\\/\\\/riviera-king-real-estate.com\\\/fr\\\/#website\"},\"datePublished\":\"2021-08-19T19:06:17+00:00\",\"dateModified\":\"2022-03-21T14:10:53+00:00\",\"description\":\"Anne-Marie Torrisi exposes her figurative works described as vibrant and dynamic, full of color and life. Themes of peace, love and everyday life inspire all of her works.Working through different styles and using a mix of materials and techniques, her pieces are textured and evoke the personality of their subjects. Anne-Marie has exhibited her award- winning works across Europe.\",\"breadcrumb\":{\"@id\":\"https:\\\/\\\/riviera-king-real-estate.com\\\/exposition-du-1-octobre-2021-au-7-janvier-2022-artiste-peintre-anne-marie-torrisi\\\/#breadcrumb\"},\"inLanguage\":\"it-IT\",\"potentialAction\":[{\"@type\":\"ReadAction\",\"target\":[\"https:\\\/\\\/riviera-king-real-estate.com\\\/exposition-du-1-octobre-2021-au-7-janvier-2022-artiste-peintre-anne-marie-torrisi\\\/\"]}]},{\"@type\":\"BreadcrumbList\",\"@id\":\"https:\\\/\\\/riviera-king-real-estate.com\\\/exposition-du-1-octobre-2021-au-7-janvier-2022-artiste-peintre-anne-marie-torrisi\\\/#breadcrumb\",\"itemListElement\":[{\"@type\":\"ListItem\",\"position\":1,\"name\":\"Accueil\",\"item\":\"https:\\\/\\\/riviera-king-real-estate.com\\\/fr\\\/\"},{\"@type\":\"ListItem\",\"position\":2,\"name\":\"VERNISSAGE-ART EXPOSITION OPENING\"}]},{\"@type\":\"WebSite\",\"@id\":\"https:\\\/\\\/riviera-king-real-estate.com\\\/fr\\\/#website\",\"url\":\"https:\\\/\\\/riviera-king-real-estate.com\\\/fr\\\/\",\"name\":\"Riviera King- Agence immobili\u00e8re\",\"description\":\"immobilier Villefranche sur mer\",\"publisher\":{\"@id\":\"https:\\\/\\\/riviera-king-real-estate.com\\\/fr\\\/#organization\"},\"potentialAction\":[{\"@type\":\"SearchAction\",\"target\":{\"@type\":\"EntryPoint\",\"urlTemplate\":\"https:\\\/\\\/riviera-king-real-estate.com\\\/fr\\\/?s={search_term_string}\"},\"query-input\":{\"@type\":\"PropertyValueSpecification\",\"valueRequired\":true,\"valueName\":\"search_term_string\"}}],\"inLanguage\":\"it-IT\"},{\"@type\":\"Organization\",\"@id\":\"https:\\\/\\\/riviera-king-real-estate.com\\\/fr\\\/#organization\",\"name\":\"Riviera King - AKORIMMO\",\"url\":\"https:\\\/\\\/riviera-king-real-estate.com\\\/fr\\\/\",\"logo\":{\"@type\":\"ImageObject\",\"inLanguage\":\"it-IT\",\"@id\":\"https:\\\/\\\/riviera-king-real-estate.com\\\/fr\\\/#\\\/schema\\\/logo\\\/image\\\/\",\"url\":\"https:\\\/\\\/riviera-king-real-estate.com\\\/wp-content\\\/uploads\\\/2021\\\/06\\\/RivieraKing-Akorimmo_Logo_Blanc-1-scaled.jpg\",\"contentUrl\":\"https:\\\/\\\/riviera-king-real-estate.com\\\/wp-content\\\/uploads\\\/2021\\\/06\\\/RivieraKing-Akorimmo_Logo_Blanc-1-scaled.jpg\",\"width\":1400,\"height\":472,\"caption\":\"Riviera King - AKORIMMO\"},\"image\":{\"@id\":\"https:\\\/\\\/riviera-king-real-estate.com\\\/fr\\\/#\\\/schema\\\/logo\\\/image\\\/\"},\"sameAs\":[\"https:\\\/\\\/www.facebook.com\\\/RivieraKingFrance\",\"https:\\\/\\\/x.com\\\/riviera_king\",\"https:\\\/\\\/www.instagram.com\\\/riviera.king\\\/\"]}]}<\/script>\n<!-- \/ Yoast SEO Premium plugin. -->","yoast_head_json":{"title":"VERNISSAGE-ART EXPOSITION OPENING - Riviera King- Agence immobili\u00e8re","description":"Anne-Marie Torrisi espone le sue opere figurative descritte come vibranti e dinamiche, piene di colore e di vita. Temi di pace, amore e vita quotidiana ispirano tutte le sue opere.Lavorando attraverso stili diversi e utilizzando un mix di materiali e tecniche, i suoi pezzi sono strutturati ed evocano la personalit\u00e0 dei loro soggetti. Anne-Marie ha esposto le sue opere premiate in tutta Europa.","robots":{"index":"index","follow":"follow","max-snippet":"max-snippet:-1","max-image-preview":"max-image-preview:large","max-video-preview":"max-video-preview:-1"},"canonical":"https:\/\/riviera-king-real-estate.com\/it\/mostra-dal-1-ottobre-2021-al-7-gennaio-2022-artista-pittrice-anne-marie-torrisi\/","og_locale":"it_IT","og_type":"article","og_title":"VERNISSAGE-ART EXPOSITION OPENING","og_description":"Anne-Marie Torrisi exposes her figurative works described as vibrant and dynamic, full of color and life. Themes of peace, love and everyday life inspire all of her works.Working through different styles and using a mix of materials and techniques, her pieces are textured and evoke the personality of their subjects. Anne-Marie has exhibited her award- winning works across Europe.","og_url":"https:\/\/riviera-king-real-estate.com\/it\/mostra-dal-1-ottobre-2021-al-7-gennaio-2022-artista-pittrice-anne-marie-torrisi\/","og_site_name":"Riviera King- Agence immobili\u00e8re","article_publisher":"https:\/\/www.facebook.com\/RivieraKingFrance","article_modified_time":"2022-03-21T14:10:53+00:00","twitter_card":"summary_large_image","twitter_site":"@riviera_king","twitter_misc":{"Tempo di lettura stimato":"2 minuti"},"schema":{"@context":"https:\/\/schema.org","@graph":[{"@type":"WebPage","@id":"https:\/\/riviera-king-real-estate.com\/exposition-du-1-octobre-2021-au-7-janvier-2022-artiste-peintre-anne-marie-torrisi\/","url":"https:\/\/riviera-king-real-estate.com\/exposition-du-1-octobre-2021-au-7-janvier-2022-artiste-peintre-anne-marie-torrisi\/","name":"VERNISSAGE-ART EXPOSITION OPENING - Riviera King- Agence immobili\u00e8re","isPartOf":{"@id":"https:\/\/riviera-king-real-estate.com\/fr\/#website"},"datePublished":"2021-08-19T19:06:17+00:00","dateModified":"2022-03-21T14:10:53+00:00","description":"Anne-Marie Torrisi espone le sue opere figurative descritte come vibranti e dinamiche, piene di colore e di vita. Temi di pace, amore e vita quotidiana ispirano tutte le sue opere.Lavorando attraverso stili diversi e utilizzando un mix di materiali e tecniche, i suoi pezzi sono strutturati ed evocano la personalit\u00e0 dei loro soggetti. Anne-Marie ha esposto le sue opere premiate in tutta Europa.","breadcrumb":{"@id":"https:\/\/riviera-king-real-estate.com\/exposition-du-1-octobre-2021-au-7-janvier-2022-artiste-peintre-anne-marie-torrisi\/#breadcrumb"},"inLanguage":"it-IT","potentialAction":[{"@type":"ReadAction","target":["https:\/\/riviera-king-real-estate.com\/exposition-du-1-octobre-2021-au-7-janvier-2022-artiste-peintre-anne-marie-torrisi\/"]}]},{"@type":"BreadcrumbList","@id":"https:\/\/riviera-king-real-estate.com\/exposition-du-1-octobre-2021-au-7-janvier-2022-artiste-peintre-anne-marie-torrisi\/#breadcrumb","itemListElement":[{"@type":"ListItem","position":1,"name":"Accueil","item":"https:\/\/riviera-king-real-estate.com\/fr\/"},{"@type":"ListItem","position":2,"name":"VERNISSAGE-ART EXPOSITION OPENING"}]},{"@type":"WebSite","@id":"https:\/\/riviera-king-real-estate.com\/fr\/#website","url":"https:\/\/riviera-king-real-estate.com\/fr\/","name":"Riviera King- Agence immobili\u00e8re","description":"immobiliare Villefranche sur mer","publisher":{"@id":"https:\/\/riviera-king-real-estate.com\/fr\/#organization"},"potentialAction":[{"@type":"SearchAction","target":{"@type":"EntryPoint","urlTemplate":"https:\/\/riviera-king-real-estate.com\/fr\/?s={search_term_string}"},"query-input":{"@type":"PropertyValueSpecification","valueRequired":true,"valueName":"search_term_string"}}],"inLanguage":"it-IT"},{"@type":"Organization","@id":"https:\/\/riviera-king-real-estate.com\/fr\/#organization","name":"Riviera King - AKORIMMO","url":"https:\/\/riviera-king-real-estate.com\/fr\/","logo":{"@type":"ImageObject","inLanguage":"it-IT","@id":"https:\/\/riviera-king-real-estate.com\/fr\/#\/schema\/logo\/image\/","url":"https:\/\/riviera-king-real-estate.com\/wp-content\/uploads\/2021\/06\/RivieraKing-Akorimmo_Logo_Blanc-1-scaled.jpg","contentUrl":"https:\/\/riviera-king-real-estate.com\/wp-content\/uploads\/2021\/06\/RivieraKing-Akorimmo_Logo_Blanc-1-scaled.jpg","width":1400,"height":472,"caption":"Riviera King - AKORIMMO"},"image":{"@id":"https:\/\/riviera-king-real-estate.com\/fr\/#\/schema\/logo\/image\/"},"sameAs":["https:\/\/www.facebook.com\/RivieraKingFrance","https:\/\/x.com\/riviera_king","https:\/\/www.instagram.com\/riviera.king\/"]}]}},"_links":{"self":[{"href":"https:\/\/riviera-king-real-estate.com\/it\/wp-json\/wp\/v2\/pages\/231044","targetHints":{"allow":["GET"]}}],"collection":[{"href":"https:\/\/riviera-king-real-estate.com\/it\/wp-json\/wp\/v2\/pages"}],"about":[{"href":"https:\/\/riviera-king-real-estate.com\/it\/wp-json\/wp\/v2\/types\/page"}],"author":[{"embeddable":true,"href":"https:\/\/riviera-king-real-estate.com\/it\/wp-json\/wp\/v2\/users\/1"}],"replies":[{"embeddable":true,"href":"https:\/\/riviera-king-real-estate.com\/it\/wp-json\/wp\/v2\/comments?post=231044"}],"version-history":[{"count":0,"href":"https:\/\/riviera-king-real-estate.com\/it\/wp-json\/wp\/v2\/pages\/231044\/revisions"}],"wp:attachment":[{"href":"https:\/\/riviera-king-real-estate.com\/it\/wp-json\/wp\/v2\/media?parent=231044"}],"curies":[{"name":"wp","href":"https:\/\/api.w.org\/{rel}","templated":true}]}}